{"id":5211,"date":"2024-12-01T18:15:29","date_gmt":"2024-12-01T18:15:29","guid":{"rendered":"https:\/\/www.printings-n.com\/produit\/stylo-avec-cle-usb-usbpenstockholm-2\/"},"modified":"2024-12-01T18:15:29","modified_gmt":"2024-12-01T18:15:29","slug":"pen-met-usb-sleutel-usbpenstockholm-2","status":"publish","type":"product","link":"https:\/\/www.printings-n.com\/nl\/product\/pen-met-usb-sleutel-usbpenstockholm-2\/","title":{"rendered":"Pen met USB-stick"},"content":{"rendered":"<p>Pennen met USB-sticks zijn zowel USB-sticks als pennen!<br \/>\nHandige technologie gecombineerd met een intelligent ontwerp en een eersteklas uitstraling. De USB Flash Drive Pen valt op door de combinatie van de nieuwste technologie en hoogwaardige materialen in een elegant ontwerp. Door de metalen behuizing en rubberen grip liggen ze ideaal in de hand.<\/p>","protected":false},"excerpt":{"rendered":"<p>Les Stylo avec cl\u00e9 USB sont \u00e0 la fois des cl\u00e9s USB et des stylos ! Une technologie utile combin\u00e9e \u00e0 une conception intelligente \u00e0 l&#039;apparence haut de gamme. Les Stylo avec cl\u00e9 USB se distinguent gr\u00e2ce \u00e0 la combinaison de la derni\u00e8re technologie et des mat\u00e9riaux de haute qualit\u00e9 au design \u00e9l\u00e9gant. En raison [&hellip;]<\/p>\n","protected":false},"featured_media":5212,"comment_status":"open","ping_status":"closed","template":"","meta":[],"product_brand":[],"product_cat":[128],"product_tag":[],"class_list":{"0":"post-5211","1":"product","2":"type-product","3":"status-publish","4":"has-post-thumbnail","6":"product_cat-cles-usb","8":"first","9":"instock","10":"taxable","11":"shipping-taxable","12":"product-type-simple"},"_links":{"self":[{"href":"https:\/\/www.printings-n.com\/nl\/wp-json\/wp\/v2\/product\/5211","targetHints":{"allow":["GET"]}}],"collection":[{"href":"https:\/\/www.printings-n.com\/nl\/wp-json\/wp\/v2\/product"}],"about":[{"href":"https:\/\/www.printings-n.com\/nl\/wp-json\/wp\/v2\/types\/product"}],"replies":[{"embeddable":true,"href":"https:\/\/www.printings-n.com\/nl\/wp-json\/wp\/v2\/comments?post=5211"}],"wp:featuredmedia":[{"embeddable":true,"href":"https:\/\/www.printings-n.com\/nl\/wp-json\/wp\/v2\/media\/5212"}],"wp:attachment":[{"href":"https:\/\/www.printings-n.com\/nl\/wp-json\/wp\/v2\/media?parent=5211"}],"wp:term":[{"taxonomy":"product_brand","embeddable":true,"href":"https:\/\/www.printings-n.com\/nl\/wp-json\/wp\/v2\/product_brand?post=5211"},{"taxonomy":"product_cat","embeddable":true,"href":"https:\/\/www.printings-n.com\/nl\/wp-json\/wp\/v2\/product_cat?post=5211"},{"taxonomy":"product_tag","embeddable":true,"href":"https:\/\/www.printings-n.com\/nl\/wp-json\/wp\/v2\/product_tag?post=5211"}],"curies":[{"name":"wp","href":"https:\/\/api.w.org\/{rel}","templated":true}]}}