{"id":5181,"date":"2024-12-01T18:12:35","date_gmt":"2024-12-01T18:12:35","guid":{"rendered":"https:\/\/www.printings-n.com\/produit\/coffret-cadeau-powerbox-en-bambou-powerboxbamboogiftsetj5dhvu-2\/"},"modified":"2024-12-01T18:12:35","modified_gmt":"2024-12-01T18:12:35","slug":"powerbox-bamboe-geschenkdoos-powerboxbamboogiftsetj5dhvu-2","status":"publish","type":"product","link":"https:\/\/www.printings-n.com\/nl\/product\/powerbox-bamboe-geschenkdoos-powerboxbamboogiftsetj5dhvu-2\/","title":{"rendered":"Powerbox bamboe geschenkdoos"},"content":{"rendered":"<p>In deze milieuvriendelijke geschenkset vind je een compacte 4000mAh externe batterij, verpakt in een bamboe behuizing met een handige verlichte batterij-indicator. Daarnaast is er een oplaadbare ABS draadloze miniluidspreker met Bluetooth versie 4.1, ook verpakt in bamboe voor een uitstekende geluidskwaliteit. De set bevat ook bijpassende accessoires, een oplaadbare batterij en een gebruiksaanwijzing, allemaal netjes verpakt in een elegante doos. Een perfect cadeau voor milieubewuste ontvangers!<\/p>","protected":false},"excerpt":{"rendered":"<p>Dans cet ensemble-cadeau respectueux de l&#039;environnement, vous trouverez une batterie externe compacte de 4000mAh, envelopp\u00e9e dans un bo\u00eetier en bambou avec un indicateur de batterie illumin\u00e9 pratique. De plus, il y a un mini haut-parleur sans fil en ABS rechargeable avec Bluetooth version 4.1, \u00e9galement log\u00e9 dans du bambou pour une excellente qualit\u00e9 sonore. L&#039;ensemble [&hellip;]<\/p>\n","protected":false},"featured_media":5182,"comment_status":"open","ping_status":"closed","template":"","meta":[],"product_brand":[],"product_cat":[127],"product_tag":[],"class_list":{"0":"post-5181","1":"product","2":"type-product","3":"status-publish","4":"has-post-thumbnail","6":"product_cat-chargeurs-et-batteries-externes","8":"first","9":"instock","10":"taxable","11":"shipping-taxable","12":"product-type-simple"},"_links":{"self":[{"href":"https:\/\/www.printings-n.com\/nl\/wp-json\/wp\/v2\/product\/5181","targetHints":{"allow":["GET"]}}],"collection":[{"href":"https:\/\/www.printings-n.com\/nl\/wp-json\/wp\/v2\/product"}],"about":[{"href":"https:\/\/www.printings-n.com\/nl\/wp-json\/wp\/v2\/types\/product"}],"replies":[{"embeddable":true,"href":"https:\/\/www.printings-n.com\/nl\/wp-json\/wp\/v2\/comments?post=5181"}],"wp:featuredmedia":[{"embeddable":true,"href":"https:\/\/www.printings-n.com\/nl\/wp-json\/wp\/v2\/media\/5182"}],"wp:attachment":[{"href":"https:\/\/www.printings-n.com\/nl\/wp-json\/wp\/v2\/media?parent=5181"}],"wp:term":[{"taxonomy":"product_brand","embeddable":true,"href":"https:\/\/www.printings-n.com\/nl\/wp-json\/wp\/v2\/product_brand?post=5181"},{"taxonomy":"product_cat","embeddable":true,"href":"https:\/\/www.printings-n.com\/nl\/wp-json\/wp\/v2\/product_cat?post=5181"},{"taxonomy":"product_tag","embeddable":true,"href":"https:\/\/www.printings-n.com\/nl\/wp-json\/wp\/v2\/product_tag?post=5181"}],"curies":[{"name":"wp","href":"https:\/\/api.w.org\/{rel}","templated":true}]}}