{"id":5175,"date":"2024-12-01T18:12:23","date_gmt":"2024-12-01T18:12:23","guid":{"rendered":"https:\/\/www.printings-n.com\/produit\/batterie-externe-compacte-de-2200-mah-volt2200mahpowerbank-2\/"},"modified":"2024-12-01T18:12:23","modified_gmt":"2024-12-01T18:12:23","slug":"2200-mah-volt-compacte-externe-accu2200mahpowerbank-2","status":"publish","type":"product","link":"https:\/\/www.printings-n.com\/nl\/product\/2200-mah-volt-compacte-externe-accu2200mahpowerbank-2\/","title":{"rendered":"Compacte 2200 mAh externe batterij"},"content":{"rendered":"<p>Op zoek naar een compact en praktisch geschenk voor werknemers, zakenrelaties of als relatiegeschenk? De Volt 2200 mAh externe batterij is een uitstekende keuze. Met een batterijcapaciteit van 2200 mAh vergroot je de autonomie van je mobiele telefoon of tablet aanzienlijk. De externe batterij wordt opgeladen via de meegeleverde USB-kabel en het indicatielampje wordt blauw als hij volledig is opgeladen. De Volt externe batterij is gemaakt van lichtgewicht, duurzaam aluminium en is zowel betrouwbaar als stijlvol.<\/p>","protected":false},"excerpt":{"rendered":"<p>\u00c0 la recherche d&#039;un cadeau compact et pratique pour les employ\u00e9s, les associ\u00e9s d&#039;affaires ou comme cadeau promotionnel ? La batterie externe Volt 2200 mAh est un excellent choix. Avec une capacit\u00e9 de batterie de 2200 mAh, elle augmente consid\u00e9rablement l&#039;autonomie de votre t\u00e9l\u00e9phone portable ou de votre tablette . La batterie externe se recharge [&hellip;]<\/p>\n","protected":false},"featured_media":5176,"comment_status":"open","ping_status":"closed","template":"","meta":[],"product_brand":[],"product_cat":[127],"product_tag":[],"class_list":{"0":"post-5175","1":"product","2":"type-product","3":"status-publish","4":"has-post-thumbnail","6":"product_cat-chargeurs-et-batteries-externes","8":"first","9":"instock","10":"taxable","11":"shipping-taxable","12":"product-type-simple"},"_links":{"self":[{"href":"https:\/\/www.printings-n.com\/nl\/wp-json\/wp\/v2\/product\/5175","targetHints":{"allow":["GET"]}}],"collection":[{"href":"https:\/\/www.printings-n.com\/nl\/wp-json\/wp\/v2\/product"}],"about":[{"href":"https:\/\/www.printings-n.com\/nl\/wp-json\/wp\/v2\/types\/product"}],"replies":[{"embeddable":true,"href":"https:\/\/www.printings-n.com\/nl\/wp-json\/wp\/v2\/comments?post=5175"}],"wp:featuredmedia":[{"embeddable":true,"href":"https:\/\/www.printings-n.com\/nl\/wp-json\/wp\/v2\/media\/5176"}],"wp:attachment":[{"href":"https:\/\/www.printings-n.com\/nl\/wp-json\/wp\/v2\/media?parent=5175"}],"wp:term":[{"taxonomy":"product_brand","embeddable":true,"href":"https:\/\/www.printings-n.com\/nl\/wp-json\/wp\/v2\/product_brand?post=5175"},{"taxonomy":"product_cat","embeddable":true,"href":"https:\/\/www.printings-n.com\/nl\/wp-json\/wp\/v2\/product_cat?post=5175"},{"taxonomy":"product_tag","embeddable":true,"href":"https:\/\/www.printings-n.com\/nl\/wp-json\/wp\/v2\/product_tag?post=5175"}],"curies":[{"name":"wp","href":"https:\/\/api.w.org\/{rel}","templated":true}]}}