{"id":5167,"date":"2024-12-01T18:10:15","date_gmt":"2024-12-01T18:10:15","guid":{"rendered":"https:\/\/www.printings-n.com\/produit\/chargeur-sans-fil-3-en-1-de-lontario-ontario3in1wirelesscharger-2\/"},"modified":"2024-12-01T18:10:16","modified_gmt":"2024-12-01T18:10:16","slug":"lontario-3-in-1-draadloze-oplader-ontario3in1wirelesscharger-2","status":"publish","type":"product","link":"https:\/\/www.printings-n.com\/nl\/product\/lontario-3-in-1-draadloze-oplader-ontario3in1wirelesscharger-2\/","title":{"rendered":"Ontario 3-in-1 draadloze oplader"},"content":{"rendered":"<p>Ruim je bureau op en laad je apparaten op met deze milieuvriendelijke organizer!&lt;br&gt;Hij is gemaakt van 75 % gerecycled materiaal, dus je kunt je steentje bijdragen aan de planeet terwijl je je gadgets van stroom voorziet.&lt;br&gt;Hij is ontworpen met een stijlvol FSC bamboe oplaadgedeelte en kan je telefoon, koptelefoon en horloge tegelijkertijd van stroom voorzien. Het is perfect voor moderne Androids en iPhones 8 of nieuwer. Bovendien heeft hij extra USB-poorten voor bekabeld opladen en wordt hij geleverd met een handige Type C-kabel van 120 cm.&lt;br&gt;Laad op in stijl en houd je bureau rommelvrij!<\/p>","protected":false},"excerpt":{"rendered":"<p>Mettez de l&#039;ordre sur votre bureau et rechargez vos appareils gr\u00e2ce \u00e0 cet organisateur \u00e9cologique !&lt;br&gt;Fabriqu\u00e9 \u00e0 partir de 75 % de mat\u00e9riaux recycl\u00e9s, il vous permet de faire un geste pour la plan\u00e8te tout en alimentant vos gadgets.&lt;br&gt;Con\u00e7u avec une \u00e9l\u00e9gante zone de chargement en bambou FSC, il peut alimenter votre t\u00e9l\u00e9phone, vos \u00e9couteurs [&hellip;]<\/p>\n","protected":false},"featured_media":5168,"comment_status":"open","ping_status":"closed","template":"","meta":[],"product_brand":[],"product_cat":[127],"product_tag":[],"class_list":{"0":"post-5167","1":"product","2":"type-product","3":"status-publish","4":"has-post-thumbnail","6":"product_cat-chargeurs-et-batteries-externes","8":"first","9":"instock","10":"taxable","11":"shipping-taxable","12":"product-type-simple"},"_links":{"self":[{"href":"https:\/\/www.printings-n.com\/nl\/wp-json\/wp\/v2\/product\/5167","targetHints":{"allow":["GET"]}}],"collection":[{"href":"https:\/\/www.printings-n.com\/nl\/wp-json\/wp\/v2\/product"}],"about":[{"href":"https:\/\/www.printings-n.com\/nl\/wp-json\/wp\/v2\/types\/product"}],"replies":[{"embeddable":true,"href":"https:\/\/www.printings-n.com\/nl\/wp-json\/wp\/v2\/comments?post=5167"}],"wp:featuredmedia":[{"embeddable":true,"href":"https:\/\/www.printings-n.com\/nl\/wp-json\/wp\/v2\/media\/5168"}],"wp:attachment":[{"href":"https:\/\/www.printings-n.com\/nl\/wp-json\/wp\/v2\/media?parent=5167"}],"wp:term":[{"taxonomy":"product_brand","embeddable":true,"href":"https:\/\/www.printings-n.com\/nl\/wp-json\/wp\/v2\/product_brand?post=5167"},{"taxonomy":"product_cat","embeddable":true,"href":"https:\/\/www.printings-n.com\/nl\/wp-json\/wp\/v2\/product_cat?post=5167"},{"taxonomy":"product_tag","embeddable":true,"href":"https:\/\/www.printings-n.com\/nl\/wp-json\/wp\/v2\/product_tag?post=5167"}],"curies":[{"name":"wp","href":"https:\/\/api.w.org\/{rel}","templated":true}]}}