{"id":5003,"date":"2024-12-01T17:19:43","date_gmt":"2024-12-01T17:19:43","guid":{"rendered":"https:\/\/www.printings-n.com\/produit\/porte-menu-mural-menustandwall\/"},"modified":"2024-12-01T17:19:43","modified_gmt":"2024-12-01T17:19:43","slug":"menustandwall-menuhouder","status":"publish","type":"product","link":"https:\/\/www.printings-n.com\/nl\/product\/menustandwall-menuhouder\/","title":{"rendered":"Menuhouder voor wandmontage"},"content":{"rendered":"<p>Trek de aandacht van gulzige voorbijgangers! De wandmenubak is een veilige en duurzame menubak. Met een afsluitbare aluminium deksel is het de ideale keuze voor het buiten uitstallen van menu's in caf\u00e9s en restaurants, maar ook voor sportscholen, scholen, winkels of zelfs musea! Voeg LED-verlichting toe om dag en nacht op te vallen!<br \/>\n&lt;br&gt;&lt;br&gt;<br \/>\nLet op: dit product kan niet worden gepersonaliseerd. Combineer voor het beste resultaat met een van onze posters.<\/p>","protected":false},"excerpt":{"rendered":"<p>Attirez l&#039;attention des passants gourmands ! Le Porte-menu mural est un porte-menu s\u00fbr et durable. Avec un couvercle en aluminium verrouillable, c&#039;est le choix id\u00e9al pour afficher les menus \u00e0 l&#039;ext\u00e9rieur dans les caf\u00e9s et les restaurants, mais aussi pour les gymnases, les \u00e9coles, les magasins ou m\u00eame les mus\u00e9es ! Ajoutez des lumi\u00e8res LED [&hellip;]<\/p>\n","protected":false},"featured_media":5004,"comment_status":"open","ping_status":"closed","template":"","meta":[],"product_brand":[],"product_cat":[118],"product_tag":[],"class_list":{"0":"post-5003","1":"product","2":"type-product","3":"status-publish","4":"has-post-thumbnail","6":"product_cat-autres-supports-exterieurs","8":"first","9":"instock","10":"taxable","11":"shipping-taxable","12":"product-type-simple"},"_links":{"self":[{"href":"https:\/\/www.printings-n.com\/nl\/wp-json\/wp\/v2\/product\/5003","targetHints":{"allow":["GET"]}}],"collection":[{"href":"https:\/\/www.printings-n.com\/nl\/wp-json\/wp\/v2\/product"}],"about":[{"href":"https:\/\/www.printings-n.com\/nl\/wp-json\/wp\/v2\/types\/product"}],"replies":[{"embeddable":true,"href":"https:\/\/www.printings-n.com\/nl\/wp-json\/wp\/v2\/comments?post=5003"}],"wp:featuredmedia":[{"embeddable":true,"href":"https:\/\/www.printings-n.com\/nl\/wp-json\/wp\/v2\/media\/5004"}],"wp:attachment":[{"href":"https:\/\/www.printings-n.com\/nl\/wp-json\/wp\/v2\/media?parent=5003"}],"wp:term":[{"taxonomy":"product_brand","embeddable":true,"href":"https:\/\/www.printings-n.com\/nl\/wp-json\/wp\/v2\/product_brand?post=5003"},{"taxonomy":"product_cat","embeddable":true,"href":"https:\/\/www.printings-n.com\/nl\/wp-json\/wp\/v2\/product_cat?post=5003"},{"taxonomy":"product_tag","embeddable":true,"href":"https:\/\/www.printings-n.com\/nl\/wp-json\/wp\/v2\/product_tag?post=5003"}],"curies":[{"name":"wp","href":"https:\/\/api.w.org\/{rel}","templated":true}]}}