{"id":4928,"date":"2024-12-01T17:12:19","date_gmt":"2024-12-01T17:12:19","guid":{"rendered":"https:\/\/www.printings-n.com\/produit\/etiquettes-autocollantes-argentees-labelsonrollsilver\/"},"modified":"2024-12-01T17:12:20","modified_gmt":"2024-12-01T17:12:20","slug":"zilveren-zelfklevende-etiketten","status":"publish","type":"product","link":"https:\/\/www.printings-n.com\/nl\/product\/zilveren-zelfklevende-etiketten\/","title":{"rendered":"Zilveren zelfklevende labels"},"content":{"rendered":"<p>Les \u00c9tiquettes autocollantes argent\u00e9es de [site_name] ont un aspect m\u00e9tallique brillant  car ils sont imprim\u00e9s sur du PVC argent\u00e9 de 90 g\/m\u00b2. Ce mat\u00e9riau est \u00e0 la fois attrayant et durable, le support id\u00e9al pour mettre en valeur votre marque ! Elles poss\u00e8dent une couche adh\u00e9sive permanente et sont livr\u00e9es avec une bo\u00eete distributrice gratuite pour un retrait facile et une protection suppl\u00e9mentaire.<br \/>\n&lt;br&gt;&lt;br&gt;<br \/>\nNote: Les \u00e9l\u00e9ments blancs ne peuvent pas \u00eatre imprim\u00e9s sur ces \u00e9tiquettes, tous les \u00e9l\u00e9ments blancs seront imprim\u00e9s en couleur argent\u00e9e.<\/p>\n","protected":false},"excerpt":{"rendered":"<p>Les \u00c9tiquettes autocollantes argent\u00e9es de [site_name] ont un aspect m\u00e9tallique brillant car ils sont imprim\u00e9s sur du PVC argent\u00e9 de 90 g\/m\u00b2. Ce mat\u00e9riau est \u00e0 la fois attrayant et durable, le support id\u00e9al pour mettre en valeur votre marque ! Elles poss\u00e8dent une couche adh\u00e9sive permanente et sont livr\u00e9es avec une bo\u00eete distributrice gratuite [&hellip;]<\/p>\n","protected":false},"featured_media":4929,"comment_status":"open","ping_status":"closed","template":"","meta":[],"product_brand":[],"product_cat":[116],"product_tag":[],"class_list":{"0":"post-4928","1":"product","2":"type-product","3":"status-publish","4":"has-post-thumbnail","6":"product_cat-etiquettes-en-rouleau","8":"first","9":"instock","10":"taxable","11":"shipping-taxable","12":"product-type-simple"},"_links":{"self":[{"href":"https:\/\/www.printings-n.com\/nl\/wp-json\/wp\/v2\/product\/4928","targetHints":{"allow":["GET"]}}],"collection":[{"href":"https:\/\/www.printings-n.com\/nl\/wp-json\/wp\/v2\/product"}],"about":[{"href":"https:\/\/www.printings-n.com\/nl\/wp-json\/wp\/v2\/types\/product"}],"replies":[{"embeddable":true,"href":"https:\/\/www.printings-n.com\/nl\/wp-json\/wp\/v2\/comments?post=4928"}],"wp:featuredmedia":[{"embeddable":true,"href":"https:\/\/www.printings-n.com\/nl\/wp-json\/wp\/v2\/media\/4929"}],"wp:attachment":[{"href":"https:\/\/www.printings-n.com\/nl\/wp-json\/wp\/v2\/media?parent=4928"}],"wp:term":[{"taxonomy":"product_brand","embeddable":true,"href":"https:\/\/www.printings-n.com\/nl\/wp-json\/wp\/v2\/product_brand?post=4928"},{"taxonomy":"product_cat","embeddable":true,"href":"https:\/\/www.printings-n.com\/nl\/wp-json\/wp\/v2\/product_cat?post=4928"},{"taxonomy":"product_tag","embeddable":true,"href":"https:\/\/www.printings-n.com\/nl\/wp-json\/wp\/v2\/product_tag?post=4928"}],"curies":[{"name":"wp","href":"https:\/\/api.w.org\/{rel}","templated":true}]}}