{"id":4912,"date":"2024-12-01T10:50:27","date_gmt":"2024-12-01T10:50:27","guid":{"rendered":"https:\/\/www.printings-n.com\/produit\/stickers-vinyle-vinylstickers\/"},"modified":"2024-12-01T10:50:28","modified_gmt":"2024-12-01T10:50:28","slug":"vinylstickers-vinylstickers","status":"publish","type":"product","link":"https:\/\/www.printings-n.com\/nl\/product\/vinylstickers-vinylstickers\/","title":{"rendered":"Vinyl stickers"},"content":{"rendered":"<p>\u00c0 la recherche de grands stickers de tr\u00e8s bonne qualit\u00e9 ? Commandez ces stickers vinyle d\u00e8s maintenant et recevez-les rapidement avec [site_name] ! Les stickers vinyle sont une fa\u00e7on originale de promouvoir son entreprise ou son association en les collant tout simplement partout o\u00f9 vous le souhaitez : sur une voiture, dans la rue et sur tous les supports plats possibles et imaginables. Fabriqu\u00e9s en vinyle, polym\u00e8re ou monom\u00e8re de qualit\u00e9, les stickers vinyle \u00e0 la forme d&#039;[site_name] sont r\u00e9sistants aux intemp\u00e9ries, aux UV, et ne laissent aucune trace lorsque vous les retirez. &lt;br&gt;<br \/>\nNote : il n&#039;est pas possible d&#039;imprimer en blanc sur des autocollants transparents, car ils seront translucides. De plus, il est conseill\u00e9 d&#039;utiliser des couleurs plus sombres, car les couleurs claires peuvent \u00eatre difficiles \u00e0 voir et ne seront pas compl\u00e8tement opaques.<\/p>\n","protected":false},"excerpt":{"rendered":"<p>\u00c0 la recherche de grands stickers de tr\u00e8s bonne qualit\u00e9 ? Commandez ces stickers vinyle d\u00e8s maintenant et recevez-les rapidement avec [site_name] ! Les stickers vinyle sont une fa\u00e7on originale de promouvoir son entreprise ou son association en les collant tout simplement partout o\u00f9 vous le souhaitez : sur une voiture, dans la rue et [&hellip;]<\/p>\n","protected":false},"featured_media":4913,"comment_status":"open","ping_status":"closed","template":"","meta":[],"product_brand":[],"product_cat":[115],"product_tag":[],"class_list":{"0":"post-4912","1":"product","2":"type-product","3":"status-publish","4":"has-post-thumbnail","6":"product_cat-etiquettes-en-feuille","8":"first","9":"instock","10":"taxable","11":"shipping-taxable","12":"product-type-simple"},"_links":{"self":[{"href":"https:\/\/www.printings-n.com\/nl\/wp-json\/wp\/v2\/product\/4912","targetHints":{"allow":["GET"]}}],"collection":[{"href":"https:\/\/www.printings-n.com\/nl\/wp-json\/wp\/v2\/product"}],"about":[{"href":"https:\/\/www.printings-n.com\/nl\/wp-json\/wp\/v2\/types\/product"}],"replies":[{"embeddable":true,"href":"https:\/\/www.printings-n.com\/nl\/wp-json\/wp\/v2\/comments?post=4912"}],"wp:featuredmedia":[{"embeddable":true,"href":"https:\/\/www.printings-n.com\/nl\/wp-json\/wp\/v2\/media\/4913"}],"wp:attachment":[{"href":"https:\/\/www.printings-n.com\/nl\/wp-json\/wp\/v2\/media?parent=4912"}],"wp:term":[{"taxonomy":"product_brand","embeddable":true,"href":"https:\/\/www.printings-n.com\/nl\/wp-json\/wp\/v2\/product_brand?post=4912"},{"taxonomy":"product_cat","embeddable":true,"href":"https:\/\/www.printings-n.com\/nl\/wp-json\/wp\/v2\/product_cat?post=4912"},{"taxonomy":"product_tag","embeddable":true,"href":"https:\/\/www.printings-n.com\/nl\/wp-json\/wp\/v2\/product_tag?post=4912"}],"curies":[{"name":"wp","href":"https:\/\/api.w.org\/{rel}","templated":true}]}}