{"id":4900,"date":"2024-12-01T10:49:43","date_gmt":"2024-12-01T10:49:43","guid":{"rendered":"https:\/\/www.printings-n.com\/produit\/stickers-prenom-stickersname\/"},"modified":"2024-12-01T10:49:43","modified_gmt":"2024-12-01T10:49:43","slug":"stickers-voornaam-stickersnaam","status":"publish","type":"product","link":"https:\/\/www.printings-n.com\/nl\/product\/stickers-voornaam-stickersnaam\/","title":{"rendered":"Zelfklevende badges"},"content":{"rendered":"<p>Que vous organisiez un grand \u00e9v\u00e9nement avec de nombreux participants ou que vous souhaitiez ajouter votre nom \u00e0 vos propres objets ! Personnalisez les Badges autocollants de [site_name]. Ces badges autocollants sont disponibles sur papier inscriptible, id\u00e9al pour ajouter un nom \u00e0 chacun d&#039;entre eux, ou sur PVC non inscriptible si vous souhaitez imprimer et avoir le m\u00eame nom sur tous. Ces badges adh\u00e9sifs sont livr\u00e9s individuellement et peuvent donc \u00eatre distribu\u00e9s facilement lors d&#039;\u00e9v\u00e9nements.<br \/>\n&lt;br&gt;&lt;br&gt;<br \/>\nNote :  Ces stickers pr\u00e9noms peuvent \u00eatre coll\u00e9s temporairement sur les v\u00eatements et se d\u00e9collent facilement. Ce produit est d\u00e9coup\u00e9 au laser, ce qui peut entra\u00eener une l\u00e9g\u00e8re d\u00e9viation de la feuille, laissant une bordure blanche sur le bord de chaque \u00e9tiquette.<\/p>\n","protected":false},"excerpt":{"rendered":"<p>Que vous organisiez un grand \u00e9v\u00e9nement avec de nombreux participants ou que vous souhaitiez ajouter votre nom \u00e0 vos propres objets ! Personnalisez les Badges autocollants de [site_name]. Ces badges autocollants sont disponibles sur papier inscriptible, id\u00e9al pour ajouter un nom \u00e0 chacun d&#039;entre eux, ou sur PVC non inscriptible si vous souhaitez imprimer et [&hellip;]<\/p>\n","protected":false},"featured_media":4901,"comment_status":"open","ping_status":"closed","template":"","meta":[],"product_brand":[],"product_cat":[115],"product_tag":[],"class_list":{"0":"post-4900","1":"product","2":"type-product","3":"status-publish","4":"has-post-thumbnail","6":"product_cat-etiquettes-en-feuille","8":"first","9":"instock","10":"taxable","11":"shipping-taxable","12":"product-type-simple"},"_links":{"self":[{"href":"https:\/\/www.printings-n.com\/nl\/wp-json\/wp\/v2\/product\/4900","targetHints":{"allow":["GET"]}}],"collection":[{"href":"https:\/\/www.printings-n.com\/nl\/wp-json\/wp\/v2\/product"}],"about":[{"href":"https:\/\/www.printings-n.com\/nl\/wp-json\/wp\/v2\/types\/product"}],"replies":[{"embeddable":true,"href":"https:\/\/www.printings-n.com\/nl\/wp-json\/wp\/v2\/comments?post=4900"}],"wp:featuredmedia":[{"embeddable":true,"href":"https:\/\/www.printings-n.com\/nl\/wp-json\/wp\/v2\/media\/4901"}],"wp:attachment":[{"href":"https:\/\/www.printings-n.com\/nl\/wp-json\/wp\/v2\/media?parent=4900"}],"wp:term":[{"taxonomy":"product_brand","embeddable":true,"href":"https:\/\/www.printings-n.com\/nl\/wp-json\/wp\/v2\/product_brand?post=4900"},{"taxonomy":"product_cat","embeddable":true,"href":"https:\/\/www.printings-n.com\/nl\/wp-json\/wp\/v2\/product_cat?post=4900"},{"taxonomy":"product_tag","embeddable":true,"href":"https:\/\/www.printings-n.com\/nl\/wp-json\/wp\/v2\/product_tag?post=4900"}],"curies":[{"name":"wp","href":"https:\/\/api.w.org\/{rel}","templated":true}]}}