{"id":4898,"date":"2024-12-01T10:49:38","date_gmt":"2024-12-01T10:49:38","guid":{"rendered":"https:\/\/www.printings-n.com\/produit\/stickers-individuels-stickers\/"},"modified":"2024-12-01T10:49:38","modified_gmt":"2024-12-01T10:49:38","slug":"individuele-stickers-stickers","status":"publish","type":"product","link":"https:\/\/www.printings-n.com\/nl\/product\/individuele-stickers-stickers\/","title":{"rendered":"Individuele stickers"},"content":{"rendered":"<p>Les stickers standards sont un moyen id\u00e9al de promouvoir votre entreprise ou votre \u00e9v\u00e9nement! Que vous cherchiez des stickers brillants ou transparents, vous trouverez le sticker parfait chez [site_name]! Ils sont adapt\u00e9s \u00e0 la fois pour une utilisation int\u00e9rieure et ext\u00e9rieure. Besoin d&#039;augmenter votre visibilit\u00e9? Optez pour le sticker personnalis\u00e9 \u00e0 votre image !<br \/>\n&lt;br&gt;&lt;\/br&gt;<br \/>\nNote: Ces stickers sont livr\u00e9s par unit\u00e9 et non pas en planche ou en rouleau. Veuillez noter que ce produit est d\u00e9coup\u00e9 au laser, ce qui peut r\u00e9tr\u00e9cir l\u00e9g\u00e8rement la feuille et donner une bordure blanche sur le bord de chaque autocollant. Si vous choisissez un mat\u00e9riau transparent, les couleurs claires et p\u00e2les ne seront pas visibles \u00e0 la lumi\u00e8re.<br \/>\n&lt;br&gt;&lt;\/br&gt;<br \/>\nNote: Tous nos stickers et autocollants n&#039;ont pas un support facilement d\u00e9tachable .<\/p>\n","protected":false},"excerpt":{"rendered":"<p>Les stickers standards sont un moyen id\u00e9al de promouvoir votre entreprise ou votre \u00e9v\u00e9nement! Que vous cherchiez des stickers brillants ou transparents, vous trouverez le sticker parfait chez [site_name]! Ils sont adapt\u00e9s \u00e0 la fois pour une utilisation int\u00e9rieure et ext\u00e9rieure. Besoin d&#039;augmenter votre visibilit\u00e9? Optez pour le sticker personnalis\u00e9 \u00e0 votre image ! &lt;br&gt;&lt;\/br&gt; [&hellip;]<\/p>\n","protected":false},"featured_media":4899,"comment_status":"open","ping_status":"closed","template":"","meta":[],"product_brand":[],"product_cat":[115],"product_tag":[],"class_list":{"0":"post-4898","1":"product","2":"type-product","3":"status-publish","4":"has-post-thumbnail","6":"product_cat-etiquettes-en-feuille","8":"first","9":"instock","10":"taxable","11":"shipping-taxable","12":"product-type-simple"},"_links":{"self":[{"href":"https:\/\/www.printings-n.com\/nl\/wp-json\/wp\/v2\/product\/4898","targetHints":{"allow":["GET"]}}],"collection":[{"href":"https:\/\/www.printings-n.com\/nl\/wp-json\/wp\/v2\/product"}],"about":[{"href":"https:\/\/www.printings-n.com\/nl\/wp-json\/wp\/v2\/types\/product"}],"replies":[{"embeddable":true,"href":"https:\/\/www.printings-n.com\/nl\/wp-json\/wp\/v2\/comments?post=4898"}],"wp:featuredmedia":[{"embeddable":true,"href":"https:\/\/www.printings-n.com\/nl\/wp-json\/wp\/v2\/media\/4899"}],"wp:attachment":[{"href":"https:\/\/www.printings-n.com\/nl\/wp-json\/wp\/v2\/media?parent=4898"}],"wp:term":[{"taxonomy":"product_brand","embeddable":true,"href":"https:\/\/www.printings-n.com\/nl\/wp-json\/wp\/v2\/product_brand?post=4898"},{"taxonomy":"product_cat","embeddable":true,"href":"https:\/\/www.printings-n.com\/nl\/wp-json\/wp\/v2\/product_cat?post=4898"},{"taxonomy":"product_tag","embeddable":true,"href":"https:\/\/www.printings-n.com\/nl\/wp-json\/wp\/v2\/product_tag?post=4898"}],"curies":[{"name":"wp","href":"https:\/\/api.w.org\/{rel}","templated":true}]}}