{"id":4890,"date":"2024-12-01T10:49:16","date_gmt":"2024-12-01T10:49:16","guid":{"rendered":"https:\/\/www.printings-n.com\/produit\/planche-de-stickers-stickersonsheet\/"},"modified":"2024-12-01T10:49:16","modified_gmt":"2024-12-01T10:49:16","slug":"stickervel","status":"publish","type":"product","link":"https:\/\/www.printings-n.com\/nl\/product\/stickervel\/","title":{"rendered":"Stickervel"},"content":{"rendered":"<p>Het laatste stukje van de puzzel voor je marketing of verpakkingsdrukwerk! Deze stickervellen zijn een goedkope manier om je merkimago over te brengen. Dankzij de verschillende vormen, formaten, materialen en afwerkingen die beschikbaar zijn, vind je zeker de perfecte combinatie voor je promotionele creaties! Personaliseer de stickers met je bedrijfslogo of ontwerp en bestel ze vandaag nog.<br \/>\n&lt;br&gt;&lt;br&gt;<br \/>\nOpmerking: Deze stickers worden geleverd op een vel. Het aantal stickers per vel hangt af van de grootte. De geselecteerde hoeveelheid verwijst naar het aantal stickers en niet naar het aantal vellen. Als je een transparant materiaal kiest, zullen lichte en bleke kleuren niet zichtbaar zijn in het licht.<\/p>","protected":false},"excerpt":{"rendered":"<p>La derni\u00e8re pi\u00e8ce du puzzle pour votre impression de marketing ou d&#039;emballage ! Ces Planche de stickers sont un moyen peu co\u00fbteux de faire passer votre image de marque. Gr\u00e2ce \u00e0 la diversit\u00e9 des formes, des tailles, des mat\u00e9riaux et des finitions disponibles, vous \u00eates s\u00fbr de trouver la combinaison parfaite pour vos cr\u00e9ations promotionnelles [&hellip;]<\/p>\n","protected":false},"featured_media":4891,"comment_status":"open","ping_status":"closed","template":"","meta":[],"product_brand":[],"product_cat":[115],"product_tag":[],"class_list":{"0":"post-4890","1":"product","2":"type-product","3":"status-publish","4":"has-post-thumbnail","6":"product_cat-etiquettes-en-feuille","8":"first","9":"instock","10":"taxable","11":"shipping-taxable","12":"product-type-simple"},"_links":{"self":[{"href":"https:\/\/www.printings-n.com\/nl\/wp-json\/wp\/v2\/product\/4890","targetHints":{"allow":["GET"]}}],"collection":[{"href":"https:\/\/www.printings-n.com\/nl\/wp-json\/wp\/v2\/product"}],"about":[{"href":"https:\/\/www.printings-n.com\/nl\/wp-json\/wp\/v2\/types\/product"}],"replies":[{"embeddable":true,"href":"https:\/\/www.printings-n.com\/nl\/wp-json\/wp\/v2\/comments?post=4890"}],"wp:featuredmedia":[{"embeddable":true,"href":"https:\/\/www.printings-n.com\/nl\/wp-json\/wp\/v2\/media\/4891"}],"wp:attachment":[{"href":"https:\/\/www.printings-n.com\/nl\/wp-json\/wp\/v2\/media?parent=4890"}],"wp:term":[{"taxonomy":"product_brand","embeddable":true,"href":"https:\/\/www.printings-n.com\/nl\/wp-json\/wp\/v2\/product_brand?post=4890"},{"taxonomy":"product_cat","embeddable":true,"href":"https:\/\/www.printings-n.com\/nl\/wp-json\/wp\/v2\/product_cat?post=4890"},{"taxonomy":"product_tag","embeddable":true,"href":"https:\/\/www.printings-n.com\/nl\/wp-json\/wp\/v2\/product_tag?post=4890"}],"curies":[{"name":"wp","href":"https:\/\/api.w.org\/{rel}","templated":true}]}}