{"id":4888,"date":"2024-12-01T10:49:07","date_gmt":"2024-12-01T10:49:07","guid":{"rendered":"https:\/\/www.printings-n.com\/produit\/stickers-avec-finitions-exclusives-stickersfoil\/"},"modified":"2024-12-01T10:49:08","modified_gmt":"2024-12-01T10:49:08","slug":"stickers-met-exclusieve-afwerkingen-stickersfoil","status":"publish","type":"product","link":"https:\/\/www.printings-n.com\/nl\/product\/stickers-met-exclusieve-afwerkingen-stickersfoil\/","title":{"rendered":"Stickers met exclusieve afwerkingen"},"content":{"rendered":"<p>Les stickers avec finition dorure de [site_name] offrent un aspect luxueux gr\u00e2ce \u00e0 la dorure qui apporte une protection et un aspect haut de gamme. La dorure est disponible en or brillant, argent brillant, cuivre, rouge et vert. Vous pourrez \u00e9galement choisir entre plusieurs formes et de tailles diff\u00e9rentes. Commandez vos stickers avec finitions exclusives d\u00e8s maintenant et d\u00e9marquez-vous.<\/p>\n","protected":false},"excerpt":{"rendered":"<p>Les stickers avec finition dorure de [site_name] offrent un aspect luxueux gr\u00e2ce \u00e0 la dorure qui apporte une protection et un aspect haut de gamme. La dorure est disponible en or brillant, argent brillant, cuivre, rouge et vert. Vous pourrez \u00e9galement choisir entre plusieurs formes et de tailles diff\u00e9rentes. Commandez vos stickers avec finitions exclusives [&hellip;]<\/p>\n","protected":false},"featured_media":4889,"comment_status":"open","ping_status":"closed","template":"","meta":[],"product_brand":[],"product_cat":[115],"product_tag":[],"class_list":{"0":"post-4888","1":"product","2":"type-product","3":"status-publish","4":"has-post-thumbnail","6":"product_cat-etiquettes-en-feuille","8":"first","9":"instock","10":"taxable","11":"shipping-taxable","12":"product-type-simple"},"_links":{"self":[{"href":"https:\/\/www.printings-n.com\/nl\/wp-json\/wp\/v2\/product\/4888","targetHints":{"allow":["GET"]}}],"collection":[{"href":"https:\/\/www.printings-n.com\/nl\/wp-json\/wp\/v2\/product"}],"about":[{"href":"https:\/\/www.printings-n.com\/nl\/wp-json\/wp\/v2\/types\/product"}],"replies":[{"embeddable":true,"href":"https:\/\/www.printings-n.com\/nl\/wp-json\/wp\/v2\/comments?post=4888"}],"wp:featuredmedia":[{"embeddable":true,"href":"https:\/\/www.printings-n.com\/nl\/wp-json\/wp\/v2\/media\/4889"}],"wp:attachment":[{"href":"https:\/\/www.printings-n.com\/nl\/wp-json\/wp\/v2\/media?parent=4888"}],"wp:term":[{"taxonomy":"product_brand","embeddable":true,"href":"https:\/\/www.printings-n.com\/nl\/wp-json\/wp\/v2\/product_brand?post=4888"},{"taxonomy":"product_cat","embeddable":true,"href":"https:\/\/www.printings-n.com\/nl\/wp-json\/wp\/v2\/product_cat?post=4888"},{"taxonomy":"product_tag","embeddable":true,"href":"https:\/\/www.printings-n.com\/nl\/wp-json\/wp\/v2\/product_tag?post=4888"}],"curies":[{"name":"wp","href":"https:\/\/api.w.org\/{rel}","templated":true}]}}