{"id":4884,"date":"2024-12-01T10:48:53","date_gmt":"2024-12-01T10:48:53","guid":{"rendered":"https:\/\/www.printings-n.com\/produit\/stickers-doming-stickersdoming\/"},"modified":"2024-12-01T10:48:54","modified_gmt":"2024-12-01T10:48:54","slug":"stickers-doming-stickers-doming","status":"publish","type":"product","link":"https:\/\/www.printings-n.com\/nl\/product\/stickers-doming-stickers-doming\/","title":{"rendered":"Doming stickers"},"content":{"rendered":"<p>Gr\u00e2ce aux stickers doming avec un effect 3D de [site_name], votre message ou votre logo vont forc\u00e9ment d\u00e9marquer et mettre en valeur votre marque ! Ces autocollants sont produits sur un vinyle de haute qualit\u00e9 de 80 grammes avec une couche d&#039;adh\u00e9sif au dos. Les stickers en d\u00f4me sont parfaits pour une utilisation d&#039;int\u00e9rieur ou d&#039;ext\u00e9rieur, ils adh\u00e8rent \u00e0 toutes les surfaces lisses et plates et sont livr\u00e9s sur une feuille A4 &#8211; il suffit de les d\u00e9coller et de les coller ! Le gel translucide sur le dessus des autocollants les rend r\u00e9sistants aux rayures. Id\u00e9al pour promouvoir votre marque, imprimez votre logo ou votre design et commandez d\u00e8s aujourd&#039;hui.<\/p>\n","protected":false},"excerpt":{"rendered":"<p>Gr\u00e2ce aux stickers doming avec un effect 3D de [site_name], votre message ou votre logo vont forc\u00e9ment d\u00e9marquer et mettre en valeur votre marque ! Ces autocollants sont produits sur un vinyle de haute qualit\u00e9 de 80 grammes avec une couche d&#039;adh\u00e9sif au dos. Les stickers en d\u00f4me sont parfaits pour une utilisation d&#039;int\u00e9rieur ou [&hellip;]<\/p>\n","protected":false},"featured_media":4885,"comment_status":"open","ping_status":"closed","template":"","meta":[],"product_brand":[],"product_cat":[115],"product_tag":[],"class_list":{"0":"post-4884","1":"product","2":"type-product","3":"status-publish","4":"has-post-thumbnail","6":"product_cat-etiquettes-en-feuille","8":"first","9":"instock","10":"taxable","11":"shipping-taxable","12":"product-type-simple"},"_links":{"self":[{"href":"https:\/\/www.printings-n.com\/nl\/wp-json\/wp\/v2\/product\/4884","targetHints":{"allow":["GET"]}}],"collection":[{"href":"https:\/\/www.printings-n.com\/nl\/wp-json\/wp\/v2\/product"}],"about":[{"href":"https:\/\/www.printings-n.com\/nl\/wp-json\/wp\/v2\/types\/product"}],"replies":[{"embeddable":true,"href":"https:\/\/www.printings-n.com\/nl\/wp-json\/wp\/v2\/comments?post=4884"}],"wp:featuredmedia":[{"embeddable":true,"href":"https:\/\/www.printings-n.com\/nl\/wp-json\/wp\/v2\/media\/4885"}],"wp:attachment":[{"href":"https:\/\/www.printings-n.com\/nl\/wp-json\/wp\/v2\/media?parent=4884"}],"wp:term":[{"taxonomy":"product_brand","embeddable":true,"href":"https:\/\/www.printings-n.com\/nl\/wp-json\/wp\/v2\/product_brand?post=4884"},{"taxonomy":"product_cat","embeddable":true,"href":"https:\/\/www.printings-n.com\/nl\/wp-json\/wp\/v2\/product_cat?post=4884"},{"taxonomy":"product_tag","embeddable":true,"href":"https:\/\/www.printings-n.com\/nl\/wp-json\/wp\/v2\/product_tag?post=4884"}],"curies":[{"name":"wp","href":"https:\/\/api.w.org\/{rel}","templated":true}]}}