{"id":4872,"date":"2024-12-01T09:51:28","date_gmt":"2024-12-01T09:51:28","guid":{"rendered":"https:\/\/www.printings-n.com\/produit\/mini-parapluie-pliable-rpet-miniumbrellafoldablerpetumbrella21inch-2\/"},"modified":"2024-12-01T09:51:29","modified_gmt":"2024-12-01T09:51:29","slug":"mini-parapluie-pliable-rpet-miniumbrellafoldablerpetumbrella21inch-2","status":"publish","type":"product","link":"https:\/\/www.printings-n.com\/nl\/product\/mini-parapluie-pliable-rpet-miniumbrellafoldablerpetumbrella21inch-2\/","title":{"rendered":"RPET mini opvouwbare paraplu"},"content":{"rendered":"<p>Bescherm je in stijl tegen de regen met deze opvouwbare paraplu van RPET 190T pongee polyester, gerecycled van PET-flessen. Hij heeft een roestvrijstalen frame en steel, een aantrekkelijk bamboe handvat met katoenen lus, klittenbandsluiting, opbergvak en RPET-label. Handmatige bediening.&lt;br&gt;&lt;br&gt;<br \/>\nWil je hetzelfde ontwerp op meerdere delen van de paraplu laten drukken? Vraag dan een offerte aan.<\/p>","protected":false},"excerpt":{"rendered":"<p>B\u00e9n\u00e9ficiez d&#039;une protection contre la pluie avec style gr\u00e2ce \u00e0 ce parapluie pliant fabriqu\u00e9 en polyester pong\u00e9 RPET 190T, recycl\u00e9 \u00e0 partir de bouteilles PET. Il est dot\u00e9 d&#039;une armature et d&#039;un manche en acier inoxydable, d&#039;une jolie poign\u00e9e en bambou avec une boucle en coton, d&#039;une fermeture velcro, d&#039;une pochette de rangement et d&#039;une [&hellip;]<\/p>\n","protected":false},"featured_media":4873,"comment_status":"open","ping_status":"closed","template":"","meta":[],"product_brand":[],"product_cat":[114],"product_tag":[],"class_list":{"0":"post-4872","1":"product","2":"type-product","3":"status-publish","4":"has-post-thumbnail","6":"product_cat-loisirs-en-exterieur","8":"first","9":"instock","10":"taxable","11":"shipping-taxable","12":"product-type-simple"},"_links":{"self":[{"href":"https:\/\/www.printings-n.com\/nl\/wp-json\/wp\/v2\/product\/4872","targetHints":{"allow":["GET"]}}],"collection":[{"href":"https:\/\/www.printings-n.com\/nl\/wp-json\/wp\/v2\/product"}],"about":[{"href":"https:\/\/www.printings-n.com\/nl\/wp-json\/wp\/v2\/types\/product"}],"replies":[{"embeddable":true,"href":"https:\/\/www.printings-n.com\/nl\/wp-json\/wp\/v2\/comments?post=4872"}],"wp:featuredmedia":[{"embeddable":true,"href":"https:\/\/www.printings-n.com\/nl\/wp-json\/wp\/v2\/media\/4873"}],"wp:attachment":[{"href":"https:\/\/www.printings-n.com\/nl\/wp-json\/wp\/v2\/media?parent=4872"}],"wp:term":[{"taxonomy":"product_brand","embeddable":true,"href":"https:\/\/www.printings-n.com\/nl\/wp-json\/wp\/v2\/product_brand?post=4872"},{"taxonomy":"product_cat","embeddable":true,"href":"https:\/\/www.printings-n.com\/nl\/wp-json\/wp\/v2\/product_cat?post=4872"},{"taxonomy":"product_tag","embeddable":true,"href":"https:\/\/www.printings-n.com\/nl\/wp-json\/wp\/v2\/product_tag?post=4872"}],"curies":[{"name":"wp","href":"https:\/\/api.w.org\/{rel}","templated":true}]}}