{"id":4861,"date":"2024-12-01T09:51:09","date_gmt":"2024-12-01T09:51:09","guid":{"rendered":"https:\/\/www.printings-n.com\/produit\/parapluie-premium-coloradoclassicumbrella23inch-2\/"},"modified":"2024-12-01T09:51:10","modified_gmt":"2024-12-01T09:51:10","slug":"parapluie-premium-coloradoclassicumbrella23inch-2","status":"publish","type":"product","link":"https:\/\/www.printings-n.com\/nl\/product\/parapluie-premium-coloradoclassicumbrella23inch-2\/","title":{"rendered":"Gebogen handvat paraplu"},"content":{"rendered":"<p>Uw klanten zullen u dankbaar zijn voor dit klassieke promotionele product door ze uit de regen te houden. Paraplu&#039;s met gebogen handvat zijn de perfecte combinatie van een luxe cadeau met een geweldige promotiemogelijkheid. Deze paraplu&#039;s kunnen automatisch geopend worden en zijn gemaakt van polyester canvas, een frame van glasvezel, een metalen schacht en een klittenbandsluiting. Het klassieke haakvormige handvat ligt prettig in de hand en heeft een luxe rubberen afwerking! Personaliseer de jouwe en bestel vandaag nog.&lt;br&gt;&lt;br&gt;<br \/>\nWil je hetzelfde ontwerp op meerdere delen van de paraplu laten drukken? Vraag dan een offerte aan.<\/p>","protected":false},"excerpt":{"rendered":"<p>Vos clients vous remercieront de ce produit publicitaire classique en les mettant \u00e0 l&#039;abri de la pluie. Parapluie poign\u00e9e courb\u00e9e est la combinaison parfaite d&#039;un cadeau luxueux avec une opportunit\u00e9 promotionnelle importante. Gr\u00e2ce \u00e0 leur capacit\u00e9 d&#039;ouverture automatique, ces parapluies sont construits avec une toile en polyester , un cadre en fibre de verre, une [&hellip;]<\/p>\n","protected":false},"featured_media":4863,"comment_status":"open","ping_status":"closed","template":"","meta":[],"product_brand":[],"product_cat":[114],"product_tag":[],"class_list":{"0":"post-4861","1":"product","2":"type-product","3":"status-publish","4":"has-post-thumbnail","6":"product_cat-loisirs-en-exterieur","8":"first","9":"instock","10":"taxable","11":"shipping-taxable","12":"product-type-simple"},"_links":{"self":[{"href":"https:\/\/www.printings-n.com\/nl\/wp-json\/wp\/v2\/product\/4861","targetHints":{"allow":["GET"]}}],"collection":[{"href":"https:\/\/www.printings-n.com\/nl\/wp-json\/wp\/v2\/product"}],"about":[{"href":"https:\/\/www.printings-n.com\/nl\/wp-json\/wp\/v2\/types\/product"}],"replies":[{"embeddable":true,"href":"https:\/\/www.printings-n.com\/nl\/wp-json\/wp\/v2\/comments?post=4861"}],"wp:featuredmedia":[{"embeddable":true,"href":"https:\/\/www.printings-n.com\/nl\/wp-json\/wp\/v2\/media\/4863"}],"wp:attachment":[{"href":"https:\/\/www.printings-n.com\/nl\/wp-json\/wp\/v2\/media?parent=4861"}],"wp:term":[{"taxonomy":"product_brand","embeddable":true,"href":"https:\/\/www.printings-n.com\/nl\/wp-json\/wp\/v2\/product_brand?post=4861"},{"taxonomy":"product_cat","embeddable":true,"href":"https:\/\/www.printings-n.com\/nl\/wp-json\/wp\/v2\/product_cat?post=4861"},{"taxonomy":"product_tag","embeddable":true,"href":"https:\/\/www.printings-n.com\/nl\/wp-json\/wp\/v2\/product_tag?post=4861"}],"curies":[{"name":"wp","href":"https:\/\/api.w.org\/{rel}","templated":true}]}}