{"id":4858,"date":"2024-12-01T09:51:06","date_gmt":"2024-12-01T09:51:06","guid":{"rendered":"https:\/\/www.printings-n.com\/produit\/parapluie-tempete-swiss-peak-tornado-swisspeakawarettornado23stormumbrella-2\/"},"modified":"2024-12-01T09:51:06","modified_gmt":"2024-12-01T09:51:06","slug":"stormparaplu-swiss-peak-tornado-swisspeakawarettornado23stormparaplu-2","status":"publish","type":"product","link":"https:\/\/www.printings-n.com\/nl\/product\/stormparaplu-swiss-peak-tornado-swisspeakawarettornado23stormparaplu-2\/","title":{"rendered":"Swiss Peak Storm Paraplu"},"content":{"rendered":"<p>Ontdek de Swiss Peak AWARE\u2122 Tornado 23 inch stormparaplu, een eersteklas, milieuvriendelijke keuze voor barre weersomstandigheden. Met een automatisch open\/handmatig sluitsysteem, een winddicht ontwerp, een metalen steel en een frame van glasvezel combineert deze paraplu stijl en duurzaamheid. Het ABS handvat met rubberen afwerking biedt optimaal comfort en de AWARE\u2122 tracer garandeert het gebruik van echte gerecyclede materialen. Ga de storm in stijl te lijf met Swiss Peak.<\/p>","protected":false},"excerpt":{"rendered":"<p>D\u00e9couvrez le parapluie temp\u00eate Swiss Peak AWARE\u2122 Tornado de 23 pouces, un choix haut de gamme et respectueux de l&#039;environnement pour les conditions m\u00e9t\u00e9orologiques difficiles. Dot\u00e9 d&#039;un syst\u00e8me d&#039;ouverture automatique\/fermeture manuelle, d&#039;un design coupe-vent, d&#039;une tige en m\u00e9tal et d&#039;une armature en fibre de verre, ce parapluie allie style et durabilit\u00e9. La poign\u00e9e en ABS [&hellip;]<\/p>\n","protected":false},"featured_media":4859,"comment_status":"open","ping_status":"closed","template":"","meta":[],"product_brand":[],"product_cat":[114],"product_tag":[],"class_list":{"0":"post-4858","1":"product","2":"type-product","3":"status-publish","4":"has-post-thumbnail","6":"product_cat-loisirs-en-exterieur","8":"first","9":"instock","10":"taxable","11":"shipping-taxable","12":"product-type-simple"},"_links":{"self":[{"href":"https:\/\/www.printings-n.com\/nl\/wp-json\/wp\/v2\/product\/4858","targetHints":{"allow":["GET"]}}],"collection":[{"href":"https:\/\/www.printings-n.com\/nl\/wp-json\/wp\/v2\/product"}],"about":[{"href":"https:\/\/www.printings-n.com\/nl\/wp-json\/wp\/v2\/types\/product"}],"replies":[{"embeddable":true,"href":"https:\/\/www.printings-n.com\/nl\/wp-json\/wp\/v2\/comments?post=4858"}],"wp:featuredmedia":[{"embeddable":true,"href":"https:\/\/www.printings-n.com\/nl\/wp-json\/wp\/v2\/media\/4859"}],"wp:attachment":[{"href":"https:\/\/www.printings-n.com\/nl\/wp-json\/wp\/v2\/media?parent=4858"}],"wp:term":[{"taxonomy":"product_brand","embeddable":true,"href":"https:\/\/www.printings-n.com\/nl\/wp-json\/wp\/v2\/product_brand?post=4858"},{"taxonomy":"product_cat","embeddable":true,"href":"https:\/\/www.printings-n.com\/nl\/wp-json\/wp\/v2\/product_cat?post=4858"},{"taxonomy":"product_tag","embeddable":true,"href":"https:\/\/www.printings-n.com\/nl\/wp-json\/wp\/v2\/product_tag?post=4858"}],"curies":[{"name":"wp","href":"https:\/\/api.w.org\/{rel}","templated":true}]}}