{"id":4844,"date":"2024-12-01T09:50:37","date_gmt":"2024-12-01T09:50:37","guid":{"rendered":"https:\/\/www.printings-n.com\/produit\/raquette-legere-nofearfiberglasspadelracket\/"},"modified":"2024-12-01T09:50:38","modified_gmt":"2024-12-01T09:50:38","slug":"raquette-legere-nofearfiberglasspadelracket","status":"publish","type":"product","link":"https:\/\/www.printings-n.com\/nl\/product\/raquette-legere-nofearfiberglasspadelracket\/","title":{"rendered":"Licht racket"},"content":{"rendered":"<p>Profitez de performances puissantes avec cette raquette de padel \u00e9l\u00e9gante, appr\u00e9ci\u00e9e pour son poids l\u00e9ger de 350 grammes et son impact puissant. Fabriqu\u00e9e en fibre de verre, la raquette offre un coup puissant \u00e0 chaque frappe. \u00c9paisseur : 36,5 mm, inclut un cordon de transport pratique.<\/p>","protected":false},"excerpt":{"rendered":"<p>Profitez de performances puissantes avec cette raquette de padel \u00e9l\u00e9gante, appr\u00e9ci\u00e9e pour son poids l\u00e9ger de 350 grammes et son impact puissant. Fabriqu\u00e9e en fibre de verre, la raquette offre un coup puissant \u00e0 chaque frappe. \u00c9paisseur : 36,5 mm, inclut un cordon de transport pratique.<\/p>","protected":false},"featured_media":0,"comment_status":"open","ping_status":"closed","template":"","meta":[],"product_brand":[],"product_cat":[114],"product_tag":[],"class_list":{"0":"post-4844","1":"product","2":"type-product","3":"status-publish","5":"product_cat-loisirs-en-exterieur","7":"first","8":"instock","9":"taxable","10":"shipping-taxable","11":"product-type-simple"},"_links":{"self":[{"href":"https:\/\/www.printings-n.com\/nl\/wp-json\/wp\/v2\/product\/4844","targetHints":{"allow":["GET"]}}],"collection":[{"href":"https:\/\/www.printings-n.com\/nl\/wp-json\/wp\/v2\/product"}],"about":[{"href":"https:\/\/www.printings-n.com\/nl\/wp-json\/wp\/v2\/types\/product"}],"replies":[{"embeddable":true,"href":"https:\/\/www.printings-n.com\/nl\/wp-json\/wp\/v2\/comments?post=4844"}],"wp:attachment":[{"href":"https:\/\/www.printings-n.com\/nl\/wp-json\/wp\/v2\/media?parent=4844"}],"wp:term":[{"taxonomy":"product_brand","embeddable":true,"href":"https:\/\/www.printings-n.com\/nl\/wp-json\/wp\/v2\/product_brand?post=4844"},{"taxonomy":"product_cat","embeddable":true,"href":"https:\/\/www.printings-n.com\/nl\/wp-json\/wp\/v2\/product_cat?post=4844"},{"taxonomy":"product_tag","embeddable":true,"href":"https:\/\/www.printings-n.com\/nl\/wp-json\/wp\/v2\/product_tag?post=4844"}],"curies":[{"name":"wp","href":"https:\/\/api.w.org\/{rel}","templated":true}]}}