{"id":4841,"date":"2024-12-01T09:50:30","date_gmt":"2024-12-01T09:50:30","guid":{"rendered":"https:\/\/www.printings-n.com\/produit\/housses-de-selle-eco-responsable-bikeseatcovereco\/"},"modified":"2024-12-01T09:50:31","modified_gmt":"2024-12-01T09:50:31","slug":"eco-verantwoorde-zadelhoesjes-bikeseatcovereco","status":"publish","type":"product","link":"https:\/\/www.printings-n.com\/nl\/product\/eco-verantwoorde-zadelhoesjes-bikeseatcovereco\/","title":{"rendered":"Zadelhoezen"},"content":{"rendered":"<p>Een fietszadelhoes is een essentieel item voor elke fietser! Bescherm je fietszadel tegen de elementen en algemene slijtage. Gemaakt van een combinatie van gerecycled en nieuw PVC. Met een selectie van 20 heldere kleuren en een verborgen elastische band heeft het een nette, moderne uitstraling, met een aanpasbaar afdrukgebied. De binnenkant van elk tasje is gevoerd met een vel karton om kreuken te voorkomen en het onberispelijke uiterlijk te behouden.&lt;br&gt;&lt;br&gt;<br \/>\nOpmerking: De meeste moderne racefietsen en mountainbikes hebben een standaardmaat van 27 mm. Dit product is compatibel met de meeste fietsen.<\/p>","protected":false},"excerpt":{"rendered":"<p>Une housse de selle de v\u00e9lo est un article essentiel pour tout cycliste ! Prot\u00e9gez votre selle de v\u00e9lo des intemp\u00e9ries et de l&#039;usure g\u00e9n\u00e9rale. Fabriqu\u00e9 \u00e0 partir d&#039;une combinaison de PVC recycl\u00e9 et de PVC neuf. Avec une s\u00e9lection de 20 couleurs vives et un \u00e9lastique cach\u00e9, elle pr\u00e9sente un aspect moderne et soign\u00e9, [&hellip;]<\/p>\n","protected":false},"featured_media":4842,"comment_status":"open","ping_status":"closed","template":"","meta":[],"product_brand":[],"product_cat":[114],"product_tag":[],"class_list":{"0":"post-4841","1":"product","2":"type-product","3":"status-publish","4":"has-post-thumbnail","6":"product_cat-loisirs-en-exterieur","8":"first","9":"instock","10":"taxable","11":"shipping-taxable","12":"product-type-simple"},"_links":{"self":[{"href":"https:\/\/www.printings-n.com\/nl\/wp-json\/wp\/v2\/product\/4841","targetHints":{"allow":["GET"]}}],"collection":[{"href":"https:\/\/www.printings-n.com\/nl\/wp-json\/wp\/v2\/product"}],"about":[{"href":"https:\/\/www.printings-n.com\/nl\/wp-json\/wp\/v2\/types\/product"}],"replies":[{"embeddable":true,"href":"https:\/\/www.printings-n.com\/nl\/wp-json\/wp\/v2\/comments?post=4841"}],"wp:featuredmedia":[{"embeddable":true,"href":"https:\/\/www.printings-n.com\/nl\/wp-json\/wp\/v2\/media\/4842"}],"wp:attachment":[{"href":"https:\/\/www.printings-n.com\/nl\/wp-json\/wp\/v2\/media?parent=4841"}],"wp:term":[{"taxonomy":"product_brand","embeddable":true,"href":"https:\/\/www.printings-n.com\/nl\/wp-json\/wp\/v2\/product_brand?post=4841"},{"taxonomy":"product_cat","embeddable":true,"href":"https:\/\/www.printings-n.com\/nl\/wp-json\/wp\/v2\/product_cat?post=4841"},{"taxonomy":"product_tag","embeddable":true,"href":"https:\/\/www.printings-n.com\/nl\/wp-json\/wp\/v2\/product_tag?post=4841"}],"curies":[{"name":"wp","href":"https:\/\/api.w.org\/{rel}","templated":true}]}}