{"id":4837,"date":"2024-12-01T09:50:15","date_gmt":"2024-12-01T09:50:15","guid":{"rendered":"https:\/\/www.printings-n.com\/produit\/rond-balle-anti-stress-coolroundstressreliever\/"},"modified":"2024-12-01T09:50:15","modified_gmt":"2024-12-01T09:50:15","slug":"ronde-anti-stress-bal-coolroundstressreliever","status":"publish","type":"product","link":"https:\/\/www.printings-n.com\/nl\/product\/ronde-anti-stress-bal-coolroundstressreliever\/","title":{"rendered":"Anti-stress bal"},"content":{"rendered":"<p>Blijf kalm en blijf bij elkaar! Deze leuke ronde stressbal is perfect om mee te stuiteren, mee te gooien of gewoon in je handen te drukken. Gemaakt van zacht PU-schuimplastic. Elk item is uniek en heeft kleine variaties in dichtheid, grootte en gewicht als gevolg van het gietproces. Ideaal om in de buurt van je bureau of in je tas te bewaren voor als je onderweg wat stress wilt wegnemen.&lt;br&gt;&lt;br&gt;<\/p>\n<p>Let op: De lasergravure is in dezelfde kleur als het product.<\/p>","protected":false},"excerpt":{"rendered":"<p>Restez calme et serrez-vous les coudes ! Cette amusante balle anti-stress ronde est parfaite pour rebondir, \u00eatre lanc\u00e9e ou simplement \u00eatre \u00e9cras\u00e9e dans vos mains. Fabriqu\u00e9 en mousse plastique PU souple, chaque objet est unique et pr\u00e9sente de l\u00e9g\u00e8res variations de densit\u00e9, de taille et de poids dues au processus de moulage, ce qui peut [&hellip;]<\/p>\n","protected":false},"featured_media":4838,"comment_status":"open","ping_status":"closed","template":"","meta":[],"product_brand":[],"product_cat":[114],"product_tag":[],"class_list":{"0":"post-4837","1":"product","2":"type-product","3":"status-publish","4":"has-post-thumbnail","6":"product_cat-loisirs-en-exterieur","8":"first","9":"instock","10":"taxable","11":"shipping-taxable","12":"product-type-simple"},"_links":{"self":[{"href":"https:\/\/www.printings-n.com\/nl\/wp-json\/wp\/v2\/product\/4837","targetHints":{"allow":["GET"]}}],"collection":[{"href":"https:\/\/www.printings-n.com\/nl\/wp-json\/wp\/v2\/product"}],"about":[{"href":"https:\/\/www.printings-n.com\/nl\/wp-json\/wp\/v2\/types\/product"}],"replies":[{"embeddable":true,"href":"https:\/\/www.printings-n.com\/nl\/wp-json\/wp\/v2\/comments?post=4837"}],"wp:featuredmedia":[{"embeddable":true,"href":"https:\/\/www.printings-n.com\/nl\/wp-json\/wp\/v2\/media\/4838"}],"wp:attachment":[{"href":"https:\/\/www.printings-n.com\/nl\/wp-json\/wp\/v2\/media?parent=4837"}],"wp:term":[{"taxonomy":"product_brand","embeddable":true,"href":"https:\/\/www.printings-n.com\/nl\/wp-json\/wp\/v2\/product_brand?post=4837"},{"taxonomy":"product_cat","embeddable":true,"href":"https:\/\/www.printings-n.com\/nl\/wp-json\/wp\/v2\/product_cat?post=4837"},{"taxonomy":"product_tag","embeddable":true,"href":"https:\/\/www.printings-n.com\/nl\/wp-json\/wp\/v2\/product_tag?post=4837"}],"curies":[{"name":"wp","href":"https:\/\/api.w.org\/{rel}","templated":true}]}}