{"id":4831,"date":"2024-12-01T09:50:08","date_gmt":"2024-12-01T09:50:08","guid":{"rendered":"https:\/\/www.printings-n.com\/produit\/frisbee-bio-plastique-frisbeeecoflying\/"},"modified":"2024-12-01T09:50:08","modified_gmt":"2024-12-01T09:50:08","slug":"frisbee-van-biologisch-plastic-frisbeevliegen","status":"publish","type":"product","link":"https:\/\/www.printings-n.com\/nl\/product\/frisbee-van-biologisch-plastic-frisbeevliegen\/","title":{"rendered":"Frisbee van bioplastic"},"content":{"rendered":"<p>Rendez votre journ\u00e9e \u00e0 la plage encore plus amusante avec le Frisbee bio-plastique de [site_name] ! Ce frisbee est fabriqu\u00e9 en plastique biologique robuste  et est 100% recyclable. Id\u00e9al comme cadeau ou outil promotionnel, qui n&#039;aime pas recevoir des cadeaux amusants ? Vos clients se souviendront certainement de vous ! Choisissez parmi les nombreuses couleurs et personnalisez le frisbee avec votre logo ou votre dessin.<\/p>\n","protected":false},"excerpt":{"rendered":"<p>Rendez votre journ\u00e9e \u00e0 la plage encore plus amusante avec le Frisbee bio-plastique de [site_name] ! Ce frisbee est fabriqu\u00e9 en plastique biologique robuste et est 100% recyclable. Id\u00e9al comme cadeau ou outil promotionnel, qui n&#039;aime pas recevoir des cadeaux amusants ? Vos clients se souviendront certainement de vous ! Choisissez parmi les nombreuses couleurs [&hellip;]<\/p>\n","protected":false},"featured_media":4832,"comment_status":"open","ping_status":"closed","template":"","meta":[],"product_brand":[],"product_cat":[114],"product_tag":[],"class_list":{"0":"post-4831","1":"product","2":"type-product","3":"status-publish","4":"has-post-thumbnail","6":"product_cat-loisirs-en-exterieur","8":"first","9":"instock","10":"taxable","11":"shipping-taxable","12":"product-type-simple"},"_links":{"self":[{"href":"https:\/\/www.printings-n.com\/nl\/wp-json\/wp\/v2\/product\/4831","targetHints":{"allow":["GET"]}}],"collection":[{"href":"https:\/\/www.printings-n.com\/nl\/wp-json\/wp\/v2\/product"}],"about":[{"href":"https:\/\/www.printings-n.com\/nl\/wp-json\/wp\/v2\/types\/product"}],"replies":[{"embeddable":true,"href":"https:\/\/www.printings-n.com\/nl\/wp-json\/wp\/v2\/comments?post=4831"}],"wp:featuredmedia":[{"embeddable":true,"href":"https:\/\/www.printings-n.com\/nl\/wp-json\/wp\/v2\/media\/4832"}],"wp:attachment":[{"href":"https:\/\/www.printings-n.com\/nl\/wp-json\/wp\/v2\/media?parent=4831"}],"wp:term":[{"taxonomy":"product_brand","embeddable":true,"href":"https:\/\/www.printings-n.com\/nl\/wp-json\/wp\/v2\/product_brand?post=4831"},{"taxonomy":"product_cat","embeddable":true,"href":"https:\/\/www.printings-n.com\/nl\/wp-json\/wp\/v2\/product_cat?post=4831"},{"taxonomy":"product_tag","embeddable":true,"href":"https:\/\/www.printings-n.com\/nl\/wp-json\/wp\/v2\/product_tag?post=4831"}],"curies":[{"name":"wp","href":"https:\/\/api.w.org\/{rel}","templated":true}]}}