{"id":4778,"date":"2024-12-01T09:47:57","date_gmt":"2024-12-01T09:47:57","guid":{"rendered":"https:\/\/www.printings-n.com\/produit\/rcs-5000-mah-magnetic-powerbank-magnetixrcs5000mahmagneticpowerbank\/"},"modified":"2024-12-01T09:47:58","modified_gmt":"2024-12-01T09:47:58","slug":"rcs-5000-mah-magnetische-powerbank-magnetixrcs5000mahmagnetischepowerbank","status":"publish","type":"product","link":"https:\/\/www.printings-n.com\/nl\/product\/rcs-5000-mah-magnetische-powerbank-magnetixrcs5000mahmagnetischepowerbank\/","title":{"rendered":"RCS 5000 mah magnetische powerbank"},"content":{"rendered":"<p>Blijf onderweg voorzien van energie met deze compacte 5000 mAh powerbank, voorzien van een 5W draadloze magnetische oplader. Verpakt in RCS-gecertificeerd gerecycled ABS-plastic is hij niet alleen krachtig, maar ook milieuvriendelijk. De powerbank heeft een hoogwaardige 5000 mAh lithium-polymeerbatterij voor langdurig opladen. Praktische stroomindicatoren laten je weten wanneer het tijd is om op te laden. Hij heeft een Type-C ingang voor het snel opladen van je apparaten. Bovendien is hij pvc-vrij en wordt hij geleverd met een RCS-gecertificeerde gerecyclede TPE-oplaadkabel, waardoor het een verantwoorde keuze is voor de tech-savvy.<\/p>","protected":false},"excerpt":{"rendered":"<p>Restez aliment\u00e9 lors de vos d\u00e9placements gr\u00e2ce \u00e0 ce powerbank compact de 5000 mAh, dot\u00e9 d&#039;un chargeur magn\u00e9tique sans fil de 5W. Envelopp\u00e9 dans du plastique ABS recycl\u00e9 certifi\u00e9 RCS, il n&#039;est pas seulement puissant, il est aussi respectueux de l&#039;environnement. Le powerbank est dot\u00e9 d&#039;une batterie lithium-polym\u00e8re de haute qualit\u00e9 de 5000 mAh pour [&hellip;]<\/p>\n","protected":false},"featured_media":4779,"comment_status":"open","ping_status":"closed","template":"","meta":[],"product_brand":[],"product_cat":[113],"product_tag":[],"class_list":{"0":"post-4778","1":"product","2":"type-product","3":"status-publish","4":"has-post-thumbnail","6":"product_cat-gadgets-technologie","8":"first","9":"instock","10":"taxable","11":"shipping-taxable","12":"product-type-simple"},"_links":{"self":[{"href":"https:\/\/www.printings-n.com\/nl\/wp-json\/wp\/v2\/product\/4778","targetHints":{"allow":["GET"]}}],"collection":[{"href":"https:\/\/www.printings-n.com\/nl\/wp-json\/wp\/v2\/product"}],"about":[{"href":"https:\/\/www.printings-n.com\/nl\/wp-json\/wp\/v2\/types\/product"}],"replies":[{"embeddable":true,"href":"https:\/\/www.printings-n.com\/nl\/wp-json\/wp\/v2\/comments?post=4778"}],"wp:featuredmedia":[{"embeddable":true,"href":"https:\/\/www.printings-n.com\/nl\/wp-json\/wp\/v2\/media\/4779"}],"wp:attachment":[{"href":"https:\/\/www.printings-n.com\/nl\/wp-json\/wp\/v2\/media?parent=4778"}],"wp:term":[{"taxonomy":"product_brand","embeddable":true,"href":"https:\/\/www.printings-n.com\/nl\/wp-json\/wp\/v2\/product_brand?post=4778"},{"taxonomy":"product_cat","embeddable":true,"href":"https:\/\/www.printings-n.com\/nl\/wp-json\/wp\/v2\/product_cat?post=4778"},{"taxonomy":"product_tag","embeddable":true,"href":"https:\/\/www.printings-n.com\/nl\/wp-json\/wp\/v2\/product_tag?post=4778"}],"curies":[{"name":"wp","href":"https:\/\/api.w.org\/{rel}","templated":true}]}}