{"id":4760,"date":"2024-12-01T09:47:29","date_gmt":"2024-12-01T09:47:29","guid":{"rendered":"https:\/\/www.printings-n.com\/produit\/casques-a-reduction-de-bruit-actifs-antonancheadphones\/"},"modified":"2024-12-01T09:47:30","modified_gmt":"2024-12-01T09:47:30","slug":"hoofdtelefoon-met-actieve-ruisonderdrukking-antonancheadphones","status":"publish","type":"product","link":"https:\/\/www.printings-n.com\/nl\/product\/hoofdtelefoon-met-actieve-ruisonderdrukking-antonancheadphones\/","title":{"rendered":"Hoofdtelefoon met actieve ruisonderdrukking"},"content":{"rendered":"<p>{product_name}} is voorzien van een ingebouwde microfoon en vermindert externe ruis aanzienlijk, waardoor de perfecte muziekbeleving ontstaat. De oortelefoon heeft een circumaurale vorm voor optimaal comfort en is voorzien van een knopbedieningssysteem voor eenvoudige toegang tot alle functies. Bluetooth\u00ae 5.0-technologie ondersteunt een maximaal bereik van 10 meter. De oortelefoons zijn opvouwbaar en worden geleverd met een fluwelen zakje. Geleverd met een afneembare aux-kabel. De afspeeltijd is tot 10 uur met geactiveerde ruisonderdrukking. Geleverd in een hoogwaardige geschenkverpakking.<\/p>","protected":false},"excerpt":{"rendered":"<p>{product_name}} est dot\u00e9 d&#039;un microphone int\u00e9gr\u00e9 et r\u00e9duit fortement le bruit ext\u00e9rieur, cr\u00e9ant ainsi une exp\u00e9rience musicale parfaite. Les \u00e9couteurs ont une forme circum-auriculaire pour un confort optimal et disposent d&#039;un syst\u00e8me de commande par bouton pour acc\u00e9der facilement \u00e0 toutes les fonctions. La technologie Bluetooth\u00ae 5.0 prend en charge une distance maximale de 10 [&hellip;]<\/p>\n","protected":false},"featured_media":4761,"comment_status":"open","ping_status":"closed","template":"","meta":[],"product_brand":[],"product_cat":[113],"product_tag":[],"class_list":{"0":"post-4760","1":"product","2":"type-product","3":"status-publish","4":"has-post-thumbnail","6":"product_cat-gadgets-technologie","8":"first","9":"instock","10":"taxable","11":"shipping-taxable","12":"product-type-simple"},"_links":{"self":[{"href":"https:\/\/www.printings-n.com\/nl\/wp-json\/wp\/v2\/product\/4760","targetHints":{"allow":["GET"]}}],"collection":[{"href":"https:\/\/www.printings-n.com\/nl\/wp-json\/wp\/v2\/product"}],"about":[{"href":"https:\/\/www.printings-n.com\/nl\/wp-json\/wp\/v2\/types\/product"}],"replies":[{"embeddable":true,"href":"https:\/\/www.printings-n.com\/nl\/wp-json\/wp\/v2\/comments?post=4760"}],"wp:featuredmedia":[{"embeddable":true,"href":"https:\/\/www.printings-n.com\/nl\/wp-json\/wp\/v2\/media\/4761"}],"wp:attachment":[{"href":"https:\/\/www.printings-n.com\/nl\/wp-json\/wp\/v2\/media?parent=4760"}],"wp:term":[{"taxonomy":"product_brand","embeddable":true,"href":"https:\/\/www.printings-n.com\/nl\/wp-json\/wp\/v2\/product_brand?post=4760"},{"taxonomy":"product_cat","embeddable":true,"href":"https:\/\/www.printings-n.com\/nl\/wp-json\/wp\/v2\/product_cat?post=4760"},{"taxonomy":"product_tag","embeddable":true,"href":"https:\/\/www.printings-n.com\/nl\/wp-json\/wp\/v2\/product_tag?post=4760"}],"curies":[{"name":"wp","href":"https:\/\/api.w.org\/{rel}","templated":true}]}}