{"id":4445,"date":"2024-12-01T09:26:27","date_gmt":"2024-12-01T09:26:27","guid":{"rendered":"https:\/\/www.printings-n.com\/produit\/carnets-a5-rpet-portarpetnotebooka5-2\/"},"modified":"2024-12-01T09:26:28","modified_gmt":"2024-12-01T09:26:28","slug":"notitieboekjes-a5-rpet-portarpetnotebooka5-2","status":"publish","type":"product","link":"https:\/\/www.printings-n.com\/nl\/product\/notitieboekjes-a5-rpet-portarpetnotebooka5-2\/","title":{"rendered":"A5 RPET notitieboekjes"},"content":{"rendered":"<p>Maak een verschil terwijl je aantekeningen maakt! RPET A5 notitieboekjes zijn een milieuvriendelijk alternatief gemaakt van gerecyclede plastic flessen. Dit product helpt afval te verminderen en is tegelijkertijd de perfecte plek om je belangrijke gedachten of idee\u00ebn op te schrijven. Het notitieboek bestaat uit 80 vellen die volledig zijn gemaakt van duurzame bronnen. Met een praktische elastische sluiting, een lint om de pagina's te markeren en een penhouder is dit het ideale duurzame relatiegeschenk!<\/p>","protected":false},"excerpt":{"rendered":"<p>Faites la diff\u00e9rence tout en prenant des notes ! Les Carnets A5 RPET sont une alternative \u00e9cologique fabriqu\u00e9e \u00e0 partir de bouteilles en plastique recycl\u00e9es. Ce produit contribue \u00e0 r\u00e9duire les d\u00e9chets tout en \u00e9tant l&#039;endroit id\u00e9al pour noter vos pens\u00e9es ou id\u00e9es importantes. Le carnet est compos\u00e9 de 80 feuilles enti\u00e8rement fabriqu\u00e9es \u00e0 partir [&hellip;]<\/p>\n","protected":false},"featured_media":4446,"comment_status":"open","ping_status":"closed","template":"","meta":[],"product_brand":[],"product_cat":[105],"product_tag":[],"class_list":{"0":"post-4445","1":"product","2":"type-product","3":"status-publish","4":"has-post-thumbnail","6":"product_cat-fournitures-de-bureau","8":"first","9":"instock","10":"taxable","11":"shipping-taxable","12":"product-type-simple"},"_links":{"self":[{"href":"https:\/\/www.printings-n.com\/nl\/wp-json\/wp\/v2\/product\/4445","targetHints":{"allow":["GET"]}}],"collection":[{"href":"https:\/\/www.printings-n.com\/nl\/wp-json\/wp\/v2\/product"}],"about":[{"href":"https:\/\/www.printings-n.com\/nl\/wp-json\/wp\/v2\/types\/product"}],"replies":[{"embeddable":true,"href":"https:\/\/www.printings-n.com\/nl\/wp-json\/wp\/v2\/comments?post=4445"}],"wp:featuredmedia":[{"embeddable":true,"href":"https:\/\/www.printings-n.com\/nl\/wp-json\/wp\/v2\/media\/4446"}],"wp:attachment":[{"href":"https:\/\/www.printings-n.com\/nl\/wp-json\/wp\/v2\/media?parent=4445"}],"wp:term":[{"taxonomy":"product_brand","embeddable":true,"href":"https:\/\/www.printings-n.com\/nl\/wp-json\/wp\/v2\/product_brand?post=4445"},{"taxonomy":"product_cat","embeddable":true,"href":"https:\/\/www.printings-n.com\/nl\/wp-json\/wp\/v2\/product_cat?post=4445"},{"taxonomy":"product_tag","embeddable":true,"href":"https:\/\/www.printings-n.com\/nl\/wp-json\/wp\/v2\/product_tag?post=4445"}],"curies":[{"name":"wp","href":"https:\/\/api.w.org\/{rel}","templated":true}]}}