{"id":4441,"date":"2024-12-01T09:26:19","date_gmt":"2024-12-01T09:26:19","guid":{"rendered":"https:\/\/www.printings-n.com\/produit\/bloc-notes-a5-en-herbe-a-elephant-a-reliure-spirale-wireonotepadselephantgrass-2\/"},"modified":"2024-12-01T09:26:20","modified_gmt":"2024-12-01T09:26:20","slug":"a5-gras-olifant-spiraal-gebonden-notitieblok-wireonotepadselephantgrass-2","status":"publish","type":"product","link":"https:\/\/www.printings-n.com\/nl\/product\/a5-gras-olifant-spiraal-gebonden-notitieblok-wireonotepadselephantgrass-2\/","title":{"rendered":"A5 notitieboekje met olifantengras en spiraalrand"},"content":{"rendered":"<p>Uniek, praktisch, duurzaam en goedkoop, ons olifantengras papieren notitieblok heeft het allemaal. Olifantengras papier, ook bekend als Miscanthus, wordt verbouwd op marginaal land, gebruikt geen chemische behandeling, heeft minimaal water nodig en absorbeert 4 keer meer CO2 dan een boom! Het A5-formaat boekje is makkelijk mee te nemen of cadeau te geven. Elk boekje heeft 100 pagina's, inclusief de omslag. Bestel nu de jouwe!<\/p>","protected":false},"excerpt":{"rendered":"<p>Unique, pratique, durable et pas cher, notre bloc-notes en papier d&#039;herbe d&#039;\u00e9l\u00e9phant a tout pour plaire. Le papier d\u2019herbe \u00e0 \u00e9l\u00e9phant, aussi connu comme Miscanthus, est cultiv\u00e9 sur des terres marginales, n&#039;utilise pas de traitement chimique, a besoin d&#039;une quantit\u00e9 minimale d&#039;eau et absorbe 4 fois plus de CO2 qu&#039;un arbre ! Le carnet au [&hellip;]<\/p>\n","protected":false},"featured_media":4442,"comment_status":"open","ping_status":"closed","template":"","meta":[],"product_brand":[],"product_cat":[105],"product_tag":[],"class_list":{"0":"post-4441","1":"product","2":"type-product","3":"status-publish","4":"has-post-thumbnail","6":"product_cat-fournitures-de-bureau","8":"first","9":"instock","10":"taxable","11":"shipping-taxable","12":"product-type-simple"},"_links":{"self":[{"href":"https:\/\/www.printings-n.com\/nl\/wp-json\/wp\/v2\/product\/4441","targetHints":{"allow":["GET"]}}],"collection":[{"href":"https:\/\/www.printings-n.com\/nl\/wp-json\/wp\/v2\/product"}],"about":[{"href":"https:\/\/www.printings-n.com\/nl\/wp-json\/wp\/v2\/types\/product"}],"replies":[{"embeddable":true,"href":"https:\/\/www.printings-n.com\/nl\/wp-json\/wp\/v2\/comments?post=4441"}],"wp:featuredmedia":[{"embeddable":true,"href":"https:\/\/www.printings-n.com\/nl\/wp-json\/wp\/v2\/media\/4442"}],"wp:attachment":[{"href":"https:\/\/www.printings-n.com\/nl\/wp-json\/wp\/v2\/media?parent=4441"}],"wp:term":[{"taxonomy":"product_brand","embeddable":true,"href":"https:\/\/www.printings-n.com\/nl\/wp-json\/wp\/v2\/product_brand?post=4441"},{"taxonomy":"product_cat","embeddable":true,"href":"https:\/\/www.printings-n.com\/nl\/wp-json\/wp\/v2\/product_cat?post=4441"},{"taxonomy":"product_tag","embeddable":true,"href":"https:\/\/www.printings-n.com\/nl\/wp-json\/wp\/v2\/product_tag?post=4441"}],"curies":[{"name":"wp","href":"https:\/\/api.w.org\/{rel}","templated":true}]}}