{"id":4419,"date":"2024-12-01T09:25:04","date_gmt":"2024-12-01T09:25:04","guid":{"rendered":"https:\/\/www.printings-n.com\/produit\/lunettes-de-soleil-en-liege-et-plastique-recycle-grsrecycledpcplasticsunglasseswithcork\/"},"modified":"2024-12-01T09:25:05","modified_gmt":"2024-12-01T09:25:05","slug":"zonnebril-van-kurk-en-gerecycled-plastic-grsgerecycledpcplasticszonnebrilmetkurk","status":"publish","type":"product","link":"https:\/\/www.printings-n.com\/nl\/product\/zonnebril-van-kurk-en-gerecycled-plastic-grsgerecycledpcplasticszonnebrilmetkurk\/","title":{"rendered":"Zonnebrillen van kurk en gerecycled plastic"},"content":{"rendered":"<p>D\u00e9couvrez les lunettes de soleil en li\u00e8ge et plastique recycl\u00e9 de [site_name], fabriqu\u00e9es avec une monture en PC recycl\u00e9 ! Imprimez le logo ou le dessin de votre entreprise sur l&#039;une ou les deux branches pour vous d\u00e9marquer. Les verres sont en acrylique fum\u00e9 et conformes \u00e0 la norme EN ISO 12312-1, UV 400 et CAT 3. <\/p>\n","protected":false},"excerpt":{"rendered":"<p>D\u00e9couvrez les lunettes de soleil en li\u00e8ge et plastique recycl\u00e9 de [site_name], fabriqu\u00e9es avec une monture en PC recycl\u00e9 ! Imprimez le logo ou le dessin de votre entreprise sur l&#039;une ou les deux branches pour vous d\u00e9marquer. Les verres sont en acrylique fum\u00e9 et conformes \u00e0 la norme EN ISO 12312-1, UV 400 et [&hellip;]<\/p>\n","protected":false},"featured_media":4420,"comment_status":"open","ping_status":"closed","template":"","meta":[],"product_brand":[],"product_cat":[104],"product_tag":[],"class_list":{"0":"post-4419","1":"product","2":"type-product","3":"status-publish","4":"has-post-thumbnail","6":"product_cat-lunettes-de-soleil","8":"first","9":"instock","10":"taxable","11":"shipping-taxable","12":"product-type-simple"},"_links":{"self":[{"href":"https:\/\/www.printings-n.com\/nl\/wp-json\/wp\/v2\/product\/4419","targetHints":{"allow":["GET"]}}],"collection":[{"href":"https:\/\/www.printings-n.com\/nl\/wp-json\/wp\/v2\/product"}],"about":[{"href":"https:\/\/www.printings-n.com\/nl\/wp-json\/wp\/v2\/types\/product"}],"replies":[{"embeddable":true,"href":"https:\/\/www.printings-n.com\/nl\/wp-json\/wp\/v2\/comments?post=4419"}],"wp:featuredmedia":[{"embeddable":true,"href":"https:\/\/www.printings-n.com\/nl\/wp-json\/wp\/v2\/media\/4420"}],"wp:attachment":[{"href":"https:\/\/www.printings-n.com\/nl\/wp-json\/wp\/v2\/media?parent=4419"}],"wp:term":[{"taxonomy":"product_brand","embeddable":true,"href":"https:\/\/www.printings-n.com\/nl\/wp-json\/wp\/v2\/product_brand?post=4419"},{"taxonomy":"product_cat","embeddable":true,"href":"https:\/\/www.printings-n.com\/nl\/wp-json\/wp\/v2\/product_cat?post=4419"},{"taxonomy":"product_tag","embeddable":true,"href":"https:\/\/www.printings-n.com\/nl\/wp-json\/wp\/v2\/product_tag?post=4419"}],"curies":[{"name":"wp","href":"https:\/\/api.w.org\/{rel}","templated":true}]}}