{"id":4237,"date":"2024-12-01T09:10:57","date_gmt":"2024-12-01T09:10:57","guid":{"rendered":"https:\/\/www.printings-n.com\/produit\/stylo-4-couleurs-grip-antiderapant-quattrocolourpen\/"},"modified":"2024-12-01T09:10:58","modified_gmt":"2024-12-01T09:10:58","slug":"quattrocolourpen-4-kleuren-grip-anti-slip-pen","status":"publish","type":"product","link":"https:\/\/www.printings-n.com\/nl\/product\/quattrocolourpen-4-kleuren-grip-anti-slip-pen\/","title":{"rendered":"4-kleuren pen met anti-slip grip"},"content":{"rendered":"<p>Schrijf moeiteloos met deze 4-kleuren, visuele biros met een comfortabele rubberen grip. Schakel eenvoudig tussen blauwe, groene, rode en zwarte inkt, waardoor het ideaal is voor het organiseren van je notities, het toevoegen van kleur aan je werk of gewoon het opfleuren van je schrijftaken.<\/p>","protected":false},"excerpt":{"rendered":"<p>\u00c9crivez sans effort avec ce stylo \u00e0 bille 4 couleurs, visuel avec un grip caoutchouc confortable pour une bonne prise en main. Passez facilement de l&#039;encre bleue \u00e0 l&#039;encre verte, puis \u00e0 l&#039;encre rouge et enfin \u00e0 l&#039;encre noire, ce qui en fait un outil id\u00e9al pour organiser vos notes, ajouter de la couleur \u00e0 [&hellip;]<\/p>\n","protected":false},"featured_media":4239,"comment_status":"open","ping_status":"closed","template":"","meta":[],"product_brand":[],"product_cat":[103],"product_tag":[],"class_list":{"0":"post-4237","1":"product","2":"type-product","3":"status-publish","4":"has-post-thumbnail","6":"product_cat-stylos","8":"first","9":"instock","10":"taxable","11":"shipping-taxable","12":"product-type-simple"},"_links":{"self":[{"href":"https:\/\/www.printings-n.com\/nl\/wp-json\/wp\/v2\/product\/4237","targetHints":{"allow":["GET"]}}],"collection":[{"href":"https:\/\/www.printings-n.com\/nl\/wp-json\/wp\/v2\/product"}],"about":[{"href":"https:\/\/www.printings-n.com\/nl\/wp-json\/wp\/v2\/types\/product"}],"replies":[{"embeddable":true,"href":"https:\/\/www.printings-n.com\/nl\/wp-json\/wp\/v2\/comments?post=4237"}],"wp:featuredmedia":[{"embeddable":true,"href":"https:\/\/www.printings-n.com\/nl\/wp-json\/wp\/v2\/media\/4239"}],"wp:attachment":[{"href":"https:\/\/www.printings-n.com\/nl\/wp-json\/wp\/v2\/media?parent=4237"}],"wp:term":[{"taxonomy":"product_brand","embeddable":true,"href":"https:\/\/www.printings-n.com\/nl\/wp-json\/wp\/v2\/product_brand?post=4237"},{"taxonomy":"product_cat","embeddable":true,"href":"https:\/\/www.printings-n.com\/nl\/wp-json\/wp\/v2\/product_cat?post=4237"},{"taxonomy":"product_tag","embeddable":true,"href":"https:\/\/www.printings-n.com\/nl\/wp-json\/wp\/v2\/product_tag?post=4237"}],"curies":[{"name":"wp","href":"https:\/\/api.w.org\/{rel}","templated":true}]}}