{"id":3972,"date":"2024-12-01T08:59:47","date_gmt":"2024-12-01T08:59:47","guid":{"rendered":"https:\/\/www.printings-n.com\/produit\/trousse-de-toilette-rpet-cosmetic-cosmeticrpettoiletrybag\/"},"modified":"2024-12-01T08:59:48","modified_gmt":"2024-12-01T08:59:48","slug":"trousse-de-toilette-rpet-cosmetic-cosmeticrpettoiletrybag","status":"publish","type":"product","link":"https:\/\/www.printings-n.com\/nl\/product\/trousse-de-toilette-rpet-cosmetic-cosmeticrpettoiletrybag\/","title":{"rendered":"RPET cosmetische toilettas"},"content":{"rendered":"<p>Notre spacieuse trousse de toilette &agrave; fermeture &eacute;clair est votre compagnon de voyage durable.&lt;br&gt;<br \/>\nFabriqu&eacute;e en 600D RPET, un mat&eacute;riau recycl&eacute; &agrave; partir de bouteilles PET, elle allie respect de l&#039;environnement et praticit&eacute;. Dot&eacute;e d&#039;une boucle de transport pratique et d&#039;une poche frontale zipp&eacute;e, cette trousse simplifie votre voyage.&lt;br&gt;<br \/>\nChoisissez une solution respectueuse de l&#039;environnement sans sacrifier le style ou la fonctionnalit\u00e9.<\/p>","protected":false},"excerpt":{"rendered":"<p>Notre spacieuse trousse de toilette \u00e0 fermeture \u00e9clair est votre compagnon de voyage durable.&lt;br&gt; Fabriqu\u00e9e en 600D RPET, un mat\u00e9riau recycl\u00e9 \u00e0 partir de bouteilles PET, elle allie respect de l&#039;environnement et praticit\u00e9. Dot\u00e9e d&#039;une boucle de transport pratique et d&#039;une poche frontale zipp\u00e9e, cette trousse simplifie votre voyage.&lt;br&gt; Choisissez une solution respectueuse de l&#039;environnement [&hellip;]<\/p>\n","protected":false},"featured_media":3973,"comment_status":"open","ping_status":"closed","template":"","meta":[],"product_brand":[],"product_cat":[102],"product_tag":[],"class_list":{"0":"post-3972","1":"product","2":"type-product","3":"status-publish","4":"has-post-thumbnail","6":"product_cat-sacs","8":"first","9":"instock","10":"taxable","11":"shipping-taxable","12":"product-type-simple"},"_links":{"self":[{"href":"https:\/\/www.printings-n.com\/nl\/wp-json\/wp\/v2\/product\/3972","targetHints":{"allow":["GET"]}}],"collection":[{"href":"https:\/\/www.printings-n.com\/nl\/wp-json\/wp\/v2\/product"}],"about":[{"href":"https:\/\/www.printings-n.com\/nl\/wp-json\/wp\/v2\/types\/product"}],"replies":[{"embeddable":true,"href":"https:\/\/www.printings-n.com\/nl\/wp-json\/wp\/v2\/comments?post=3972"}],"wp:featuredmedia":[{"embeddable":true,"href":"https:\/\/www.printings-n.com\/nl\/wp-json\/wp\/v2\/media\/3973"}],"wp:attachment":[{"href":"https:\/\/www.printings-n.com\/nl\/wp-json\/wp\/v2\/media?parent=3972"}],"wp:term":[{"taxonomy":"product_brand","embeddable":true,"href":"https:\/\/www.printings-n.com\/nl\/wp-json\/wp\/v2\/product_brand?post=3972"},{"taxonomy":"product_cat","embeddable":true,"href":"https:\/\/www.printings-n.com\/nl\/wp-json\/wp\/v2\/product_cat?post=3972"},{"taxonomy":"product_tag","embeddable":true,"href":"https:\/\/www.printings-n.com\/nl\/wp-json\/wp\/v2\/product_tag?post=3972"}],"curies":[{"name":"wp","href":"https:\/\/api.w.org\/{rel}","templated":true}]}}