{"id":3952,"date":"2024-12-01T08:58:56","date_gmt":"2024-12-01T08:58:56","guid":{"rendered":"https:\/\/www.printings-n.com\/produit\/manchester-rpet-travelbag-manchesterrpettravelbag\/"},"modified":"2024-12-01T08:58:56","modified_gmt":"2024-12-01T08:58:56","slug":"manchester-rpet-travelbag-manchesterrpettravelbag","status":"publish","type":"product","link":"https:\/\/www.printings-n.com\/nl\/product\/manchester-rpet-travelbag-manchesterrpettravelbag\/","title":{"rendered":"Manchester RPET Reistas"},"content":{"rendered":"<p>Gegarandeerd aantrekkelijk! Dit is onze praktische weekendtas van 600D RPET, een milieuvriendelijke stof gemaakt van gerecyclede PET-flessen. &lt;br&gt;<br \/>\nOpen de doorlopende ritssluiting om twee aparte, ruime compartimenten te onthullen. Interne spanbanden houden je spullen veilig opgeborgen. Vervoer je laptop tot 13&quot; veilig in het laptopvak. Zorgvuldig afgewerkt met binnenvoering, 2 stevige handgrepen, beschermende noppen en een afneembare, verstelbare schouderriem. De buitenkant is voorzien van verschillende opbergvakken.&lt;br&gt;<br \/>\nMaak hem uniek met een gepersonaliseerde print in \u00e9\u00e9n kleur. Door de combinatie van functionaliteit en stijl is deze tas je ideale reisgenoot!<\/p>","protected":false},"excerpt":{"rendered":"<p>Facteur d&#039;attraction garanti ! Voici notre sac de week-end pratique fabriqu\u00e9 en 600D RPET, un tissu \u00e9cologique fabriqu\u00e9 \u00e0 partir de bouteilles PET recycl\u00e9es. &lt;br&gt; Ouvrez la fermeture \u00e0 glissi\u00e8re sur toute la longueur pour d\u00e9couvrir deux compartiments s\u00e9par\u00e9s et spacieux. Des sangles de serrage internes garantissent la s\u00e9curit\u00e9 de vos effets personnels. Transportez en [&hellip;]<\/p>\n","protected":false},"featured_media":3953,"comment_status":"open","ping_status":"closed","template":"","meta":[],"product_brand":[],"product_cat":[102],"product_tag":[],"class_list":{"0":"post-3952","1":"product","2":"type-product","3":"status-publish","4":"has-post-thumbnail","6":"product_cat-sacs","8":"first","9":"instock","10":"taxable","11":"shipping-taxable","12":"product-type-simple"},"_links":{"self":[{"href":"https:\/\/www.printings-n.com\/nl\/wp-json\/wp\/v2\/product\/3952","targetHints":{"allow":["GET"]}}],"collection":[{"href":"https:\/\/www.printings-n.com\/nl\/wp-json\/wp\/v2\/product"}],"about":[{"href":"https:\/\/www.printings-n.com\/nl\/wp-json\/wp\/v2\/types\/product"}],"replies":[{"embeddable":true,"href":"https:\/\/www.printings-n.com\/nl\/wp-json\/wp\/v2\/comments?post=3952"}],"wp:featuredmedia":[{"embeddable":true,"href":"https:\/\/www.printings-n.com\/nl\/wp-json\/wp\/v2\/media\/3953"}],"wp:attachment":[{"href":"https:\/\/www.printings-n.com\/nl\/wp-json\/wp\/v2\/media?parent=3952"}],"wp:term":[{"taxonomy":"product_brand","embeddable":true,"href":"https:\/\/www.printings-n.com\/nl\/wp-json\/wp\/v2\/product_brand?post=3952"},{"taxonomy":"product_cat","embeddable":true,"href":"https:\/\/www.printings-n.com\/nl\/wp-json\/wp\/v2\/product_cat?post=3952"},{"taxonomy":"product_tag","embeddable":true,"href":"https:\/\/www.printings-n.com\/nl\/wp-json\/wp\/v2\/product_tag?post=3952"}],"curies":[{"name":"wp","href":"https:\/\/api.w.org\/{rel}","templated":true}]}}