{"id":3938,"date":"2024-12-01T08:58:26","date_gmt":"2024-12-01T08:58:26","guid":{"rendered":"https:\/\/www.printings-n.com\/produit\/sacs-retro-retrosportsportsbag\/"},"modified":"2024-12-01T08:58:27","modified_gmt":"2024-12-01T08:58:27","slug":"sacs-retro-retrosportsportsbag","status":"publish","type":"product","link":"https:\/\/www.printings-n.com\/nl\/product\/sacs-retro-retrosportsportsbag\/","title":{"rendered":"Retro tassen"},"content":{"rendered":"<p>Sac de sport en PVC\/PU dans un design des ann\u00e9es 70 avec int\u00e9rieur doubl\u00e9, poche principale et poche zipp\u00e9e, 2 poign\u00e9es solides, fond avec crampons de protection. Finition dans une mati\u00e8re de grande qualit\u00e9 qui garantit une longue dur\u00e9e de vie. Taille: 48x25x28 cm<\/p>","protected":false},"excerpt":{"rendered":"<p>Sac de sport en PVC\/PU dans un design des ann\u00e9es 70 avec int\u00e9rieur doubl\u00e9, poche principale et poche zipp\u00e9e, 2 poign\u00e9es solides, fond avec crampons de protection. Finition dans une mati\u00e8re de grande qualit\u00e9 qui garantit une longue dur\u00e9e de vie. Taille: 48x25x28 cm<\/p>","protected":false},"featured_media":3939,"comment_status":"open","ping_status":"closed","template":"","meta":[],"product_brand":[],"product_cat":[102],"product_tag":[],"class_list":{"0":"post-3938","1":"product","2":"type-product","3":"status-publish","4":"has-post-thumbnail","6":"product_cat-sacs","8":"first","9":"instock","10":"taxable","11":"shipping-taxable","12":"product-type-simple"},"_links":{"self":[{"href":"https:\/\/www.printings-n.com\/nl\/wp-json\/wp\/v2\/product\/3938","targetHints":{"allow":["GET"]}}],"collection":[{"href":"https:\/\/www.printings-n.com\/nl\/wp-json\/wp\/v2\/product"}],"about":[{"href":"https:\/\/www.printings-n.com\/nl\/wp-json\/wp\/v2\/types\/product"}],"replies":[{"embeddable":true,"href":"https:\/\/www.printings-n.com\/nl\/wp-json\/wp\/v2\/comments?post=3938"}],"wp:featuredmedia":[{"embeddable":true,"href":"https:\/\/www.printings-n.com\/nl\/wp-json\/wp\/v2\/media\/3939"}],"wp:attachment":[{"href":"https:\/\/www.printings-n.com\/nl\/wp-json\/wp\/v2\/media?parent=3938"}],"wp:term":[{"taxonomy":"product_brand","embeddable":true,"href":"https:\/\/www.printings-n.com\/nl\/wp-json\/wp\/v2\/product_brand?post=3938"},{"taxonomy":"product_cat","embeddable":true,"href":"https:\/\/www.printings-n.com\/nl\/wp-json\/wp\/v2\/product_cat?post=3938"},{"taxonomy":"product_tag","embeddable":true,"href":"https:\/\/www.printings-n.com\/nl\/wp-json\/wp\/v2\/product_tag?post=3938"}],"curies":[{"name":"wp","href":"https:\/\/api.w.org\/{rel}","templated":true}]}}