{"id":3932,"date":"2024-12-01T08:58:10","date_gmt":"2024-12-01T08:58:10","guid":{"rendered":"https:\/\/www.printings-n.com\/produit\/sacs-en-papier-a-anses-plates-paperbags-2\/"},"modified":"2024-12-01T08:58:11","modified_gmt":"2024-12-01T08:58:11","slug":"papieren-zakken-met-platte-hengsels-paperbags-2","status":"publish","type":"product","link":"https:\/\/www.printings-n.com\/nl\/product\/papieren-zakken-met-platte-hengsels-paperbags-2\/","title":{"rendered":"Papieren zakken met platte handvatten"},"content":{"rendered":"<p>Papieren tassen met platte hengsels vervangen nu plastic tassen! Veel milieuvriendelijker en trendy, je papieren tassen met platte hengsels worden gedrukt op papier van hoge kwaliteit tegen een onklopbare prijs. Perfect om mee te nemen of thuis te bezorgen!<br \/>\nVoeg eenvoudig uw logo en afbeeldingen toe om unieke tassen te maken die uw imago weerspiegelen! Deze papieren tassen met platte hengsels helpen je om je aanzienlijk te profileren, terwijl ze ook nog eens uiterst praktisch zijn.<\/p>","protected":false},"excerpt":{"rendered":"<p>Les sacs en papier \u00e0 anses plates remplacent maintenant les sacs en plastique ! Beaucoup plus \u00e9cologiques et tendances, vos sacs en papier \u00e0 anses plates sont imprim\u00e9s sur un papier de haute qualit\u00e9 \u00e0 un prix d\u00e9fiant toute concurrence. Parfait en tant que sac pour service \u00e0 emporter et livraison \u00e0 domicile ! Ajoutez [&hellip;]<\/p>\n","protected":false},"featured_media":3933,"comment_status":"open","ping_status":"closed","template":"","meta":[],"product_brand":[],"product_cat":[102],"product_tag":[],"class_list":{"0":"post-3932","1":"product","2":"type-product","3":"status-publish","4":"has-post-thumbnail","6":"product_cat-sacs","8":"first","9":"instock","10":"taxable","11":"shipping-taxable","12":"product-type-simple"},"_links":{"self":[{"href":"https:\/\/www.printings-n.com\/nl\/wp-json\/wp\/v2\/product\/3932","targetHints":{"allow":["GET"]}}],"collection":[{"href":"https:\/\/www.printings-n.com\/nl\/wp-json\/wp\/v2\/product"}],"about":[{"href":"https:\/\/www.printings-n.com\/nl\/wp-json\/wp\/v2\/types\/product"}],"replies":[{"embeddable":true,"href":"https:\/\/www.printings-n.com\/nl\/wp-json\/wp\/v2\/comments?post=3932"}],"wp:featuredmedia":[{"embeddable":true,"href":"https:\/\/www.printings-n.com\/nl\/wp-json\/wp\/v2\/media\/3933"}],"wp:attachment":[{"href":"https:\/\/www.printings-n.com\/nl\/wp-json\/wp\/v2\/media?parent=3932"}],"wp:term":[{"taxonomy":"product_brand","embeddable":true,"href":"https:\/\/www.printings-n.com\/nl\/wp-json\/wp\/v2\/product_brand?post=3932"},{"taxonomy":"product_cat","embeddable":true,"href":"https:\/\/www.printings-n.com\/nl\/wp-json\/wp\/v2\/product_cat?post=3932"},{"taxonomy":"product_tag","embeddable":true,"href":"https:\/\/www.printings-n.com\/nl\/wp-json\/wp\/v2\/product_tag?post=3932"}],"curies":[{"name":"wp","href":"https:\/\/api.w.org\/{rel}","templated":true}]}}