{"id":3924,"date":"2024-12-01T08:57:49","date_gmt":"2024-12-01T08:57:49","guid":{"rendered":"https:\/\/www.printings-n.com\/produit\/sacs-kraft-bouteille-de-vin-kraftbagswine-2\/"},"modified":"2024-12-01T08:57:49","modified_gmt":"2024-12-01T08:57:49","slug":"sacs-kraft-bouteille-de-vin-kraftbagswine-2","status":"publish","type":"product","link":"https:\/\/www.printings-n.com\/nl\/product\/sacs-kraft-bouteille-de-vin-kraftbagswine-2\/","title":{"rendered":"Kraft wijnfleszakken"},"content":{"rendered":"<p>Donnez \u00e0 vos sacs pour bouteilles de vin ou champagne une touche sp\u00e9ciale avec une impression personnalis\u00e9e. Disponibles dans une vari\u00e9t\u00e9 de couleurs et imprim\u00e9s avec votre logo ou votre design, ils feront un grand impact ! Les Sacs kraft bouteille de vin sont enti\u00e8rement recyclables et ont la taille parfaite pour une bouteille. Que vous souhaitiez promouvoir votre entreprise ou ajouter une touche suppl\u00e9mentaire \u00e0 un cadeau, ces sacs pour bouteilles en papier kraft impressionneront \u00e0 coup s\u00fbr !  <\/p>","protected":false},"excerpt":{"rendered":"<p>Donnez \u00e0 vos sacs pour bouteilles de vin ou champagne une touche sp\u00e9ciale avec une impression personnalis\u00e9e. Disponibles dans une vari\u00e9t\u00e9 de couleurs et imprim\u00e9s avec votre logo ou votre design, ils feront un grand impact ! Les Sacs kraft bouteille de vin sont enti\u00e8rement recyclables et ont la taille parfaite pour une bouteille. Que [&hellip;]<\/p>\n","protected":false},"featured_media":3925,"comment_status":"open","ping_status":"closed","template":"","meta":[],"product_brand":[],"product_cat":[102],"product_tag":[],"class_list":{"0":"post-3924","1":"product","2":"type-product","3":"status-publish","4":"has-post-thumbnail","6":"product_cat-sacs","8":"first","9":"instock","10":"taxable","11":"shipping-taxable","12":"product-type-simple"},"_links":{"self":[{"href":"https:\/\/www.printings-n.com\/nl\/wp-json\/wp\/v2\/product\/3924","targetHints":{"allow":["GET"]}}],"collection":[{"href":"https:\/\/www.printings-n.com\/nl\/wp-json\/wp\/v2\/product"}],"about":[{"href":"https:\/\/www.printings-n.com\/nl\/wp-json\/wp\/v2\/types\/product"}],"replies":[{"embeddable":true,"href":"https:\/\/www.printings-n.com\/nl\/wp-json\/wp\/v2\/comments?post=3924"}],"wp:featuredmedia":[{"embeddable":true,"href":"https:\/\/www.printings-n.com\/nl\/wp-json\/wp\/v2\/media\/3925"}],"wp:attachment":[{"href":"https:\/\/www.printings-n.com\/nl\/wp-json\/wp\/v2\/media?parent=3924"}],"wp:term":[{"taxonomy":"product_brand","embeddable":true,"href":"https:\/\/www.printings-n.com\/nl\/wp-json\/wp\/v2\/product_brand?post=3924"},{"taxonomy":"product_cat","embeddable":true,"href":"https:\/\/www.printings-n.com\/nl\/wp-json\/wp\/v2\/product_cat?post=3924"},{"taxonomy":"product_tag","embeddable":true,"href":"https:\/\/www.printings-n.com\/nl\/wp-json\/wp\/v2\/product_tag?post=3924"}],"curies":[{"name":"wp","href":"https:\/\/api.w.org\/{rel}","templated":true}]}}