{"id":3659,"date":"2024-11-30T23:19:15","date_gmt":"2024-11-30T23:19:15","guid":{"rendered":"https:\/\/www.printings-n.com\/produit\/carnet-a5-couverture-cafe-coffeenotebooka5\/"},"modified":"2024-11-30T23:19:15","modified_gmt":"2024-11-30T23:19:15","slug":"a5-notitieboek-koffiehoes-coffeenotebooka5","status":"publish","type":"product","link":"https:\/\/www.printings-n.com\/nl\/product\/a5-notitieboek-koffiehoes-coffeenotebooka5\/","title":{"rendered":"A5 notitieboek koffiehoes"},"content":{"rendered":"<p>Een notitieboek met een omslag van koffiedik, perfect voor de koffieliefhebbers in je leven. Terwijl de koffie wordt gezet, blijft het organisch materiaal over dat wordt gebruikt om de omslag van dit notitieboek te maken.  De binnenpagina's zijn ook gemaakt van 100 % gerecycled materiaal, waardoor dit het ultieme milieuvriendelijke notitieboek is, zonder ontbossing. Ideaal om te laten zien dat jij en je merk milieubewust zijn.<\/p>\n<p>Er zijn verschillende afdrukopties beschikbaar om aan je wensen te voldoen.<\/p>\n<p>Word wakker en ruik de koffie! Bestel nu je A5 notitieboek met koffiehoes!<\/p>","protected":false},"excerpt":{"rendered":"<p>Un carnet dont la couverture est faite de marc de caf\u00e9, parfait pour les amateurs de caf\u00e9 profond dans votre vie. Le caf\u00e9 \u00e9tant infus\u00e9, il reste un mat\u00e9riau organique qui est utilis\u00e9 pour fabriquer la couverture de ce carnet. Les pages int\u00e9rieures sont \u00e9galement fabriqu\u00e9es \u00e0 partir de mat\u00e9riaux 100 % recycl\u00e9s, ce qui [&hellip;]<\/p>\n","protected":false},"featured_media":3660,"comment_status":"open","ping_status":"closed","template":"","meta":[],"product_brand":[],"product_cat":[88],"product_tag":[],"class_list":{"0":"post-3659","1":"product","2":"type-product","3":"status-publish","4":"has-post-thumbnail","6":"product_cat-carnets-cahiers","8":"first","9":"instock","10":"taxable","11":"shipping-taxable","12":"product-type-simple"},"_links":{"self":[{"href":"https:\/\/www.printings-n.com\/nl\/wp-json\/wp\/v2\/product\/3659","targetHints":{"allow":["GET"]}}],"collection":[{"href":"https:\/\/www.printings-n.com\/nl\/wp-json\/wp\/v2\/product"}],"about":[{"href":"https:\/\/www.printings-n.com\/nl\/wp-json\/wp\/v2\/types\/product"}],"replies":[{"embeddable":true,"href":"https:\/\/www.printings-n.com\/nl\/wp-json\/wp\/v2\/comments?post=3659"}],"wp:featuredmedia":[{"embeddable":true,"href":"https:\/\/www.printings-n.com\/nl\/wp-json\/wp\/v2\/media\/3660"}],"wp:attachment":[{"href":"https:\/\/www.printings-n.com\/nl\/wp-json\/wp\/v2\/media?parent=3659"}],"wp:term":[{"taxonomy":"product_brand","embeddable":true,"href":"https:\/\/www.printings-n.com\/nl\/wp-json\/wp\/v2\/product_brand?post=3659"},{"taxonomy":"product_cat","embeddable":true,"href":"https:\/\/www.printings-n.com\/nl\/wp-json\/wp\/v2\/product_cat?post=3659"},{"taxonomy":"product_tag","embeddable":true,"href":"https:\/\/www.printings-n.com\/nl\/wp-json\/wp\/v2\/product_tag?post=3659"}],"curies":[{"name":"wp","href":"https:\/\/api.w.org\/{rel}","templated":true}]}}