{"id":3629,"date":"2024-11-30T23:18:11","date_gmt":"2024-11-30T23:18:11","guid":{"rendered":"https:\/\/www.printings-n.com\/produit\/carnet-a5-spirale-luxe-biancoa5wireo\/"},"modified":"2024-11-30T23:18:11","modified_gmt":"2024-11-30T23:18:11","slug":"a5-deluxe-spiraal-notitieboek-biancoa5wireo","status":"publish","type":"product","link":"https:\/\/www.printings-n.com\/nl\/product\/a5-deluxe-spiraal-notitieboek-biancoa5wireo\/","title":{"rendered":"A5 luxe spiraal notitieboek"},"content":{"rendered":"<p>Ontdek de perfecte combinatie van duurzaamheid en veelzijdigheid in ons luxe A5 spiraalvormige notitieboek. Het is op verantwoorde wijze gemaakt van katoenafval en bevat 80 vellen van 100 % gerecycled papier met een puntraster. Dit unieke ontwerp biedt structuur en stimuleert creativiteit. Of je nu tekent, schrijft of plant, dit notitieboek past zich aan je behoeften aan en blijft plat voor gemakkelijk gebruik.<\/p>","protected":false},"excerpt":{"rendered":"<p>D\u00e9couvrez le m\u00e9lange parfait de durabilit\u00e9 et de polyvalence dans notre Carnet A5 spirale Luxe. Fabriqu\u00e9 de mani\u00e8re responsable \u00e0 partir de d\u00e9chets de coton , il comprend 80 feuilles de papier 100 % recycl\u00e9 avec une grille \u00e0 points. Cette conception unique offre une structure et favorise la cr\u00e9ativit\u00e9. Que vous dessiniez, \u00e9criviez ou [&hellip;]<\/p>\n","protected":false},"featured_media":3630,"comment_status":"open","ping_status":"closed","template":"","meta":[],"product_brand":[],"product_cat":[88],"product_tag":[],"class_list":{"0":"post-3629","1":"product","2":"type-product","3":"status-publish","4":"has-post-thumbnail","6":"product_cat-carnets-cahiers","8":"first","9":"instock","10":"taxable","11":"shipping-taxable","12":"product-type-simple"},"_links":{"self":[{"href":"https:\/\/www.printings-n.com\/nl\/wp-json\/wp\/v2\/product\/3629","targetHints":{"allow":["GET"]}}],"collection":[{"href":"https:\/\/www.printings-n.com\/nl\/wp-json\/wp\/v2\/product"}],"about":[{"href":"https:\/\/www.printings-n.com\/nl\/wp-json\/wp\/v2\/types\/product"}],"replies":[{"embeddable":true,"href":"https:\/\/www.printings-n.com\/nl\/wp-json\/wp\/v2\/comments?post=3629"}],"wp:featuredmedia":[{"embeddable":true,"href":"https:\/\/www.printings-n.com\/nl\/wp-json\/wp\/v2\/media\/3630"}],"wp:attachment":[{"href":"https:\/\/www.printings-n.com\/nl\/wp-json\/wp\/v2\/media?parent=3629"}],"wp:term":[{"taxonomy":"product_brand","embeddable":true,"href":"https:\/\/www.printings-n.com\/nl\/wp-json\/wp\/v2\/product_brand?post=3629"},{"taxonomy":"product_cat","embeddable":true,"href":"https:\/\/www.printings-n.com\/nl\/wp-json\/wp\/v2\/product_cat?post=3629"},{"taxonomy":"product_tag","embeddable":true,"href":"https:\/\/www.printings-n.com\/nl\/wp-json\/wp\/v2\/product_tag?post=3629"}],"curies":[{"name":"wp","href":"https:\/\/api.w.org\/{rel}","templated":true}]}}