{"id":3619,"date":"2024-11-30T23:17:46","date_gmt":"2024-11-30T23:17:46","guid":{"rendered":"https:\/\/www.printings-n.com\/produit\/carnet-de-notes-en-herbe-a-elephant-notebookselephantgrass\/"},"modified":"2024-11-30T23:17:47","modified_gmt":"2024-11-30T23:17:47","slug":"carnet-de-notes-en-herbe-a-elephant-notebookselephantgrass","status":"publish","type":"product","link":"https:\/\/www.printings-n.com\/nl\/product\/carnet-de-notes-en-herbe-a-elephant-notebookselephantgrass\/","title":{"rendered":"Notitieboekje Olifantengras"},"content":{"rendered":"<p>Op zoek naar een product dat zowel duurzaam als praktisch is? Ons notitieboek van olifantengras is de perfecte oplossing! Papier gemaakt van olifantsgras, ook bekend als Miscanthus, gebruikt geen chemische behandeling, heeft weinig water nodig en absorbeert 4 keer meer CO2 dan een boom! Het A5-formaat maakt het makkelijk om mee te nemen of cadeau te geven. Elk boekje bevat 100 pagina's, inclusief de omslag. Aarzel niet en bestel nu de jouwe!<\/p>","protected":false},"excerpt":{"rendered":"<p>Vous recherchez un produit \u00e0 la fois durable et pratique ? Notre carnet de notes en papier d&#039;herbe d&#039;\u00e9l\u00e9phant est la solution parfaite ! Le papier \u00e0 base d&#039;herbe d&#039;\u00e9l\u00e9phant, aussi connu comme Miscanthus, n&#039;utilise pas de traitement chimique, n\u00e9cessite peu d&#039;eau et absorbe 4 fois plus de CO2 qu&#039;un arbre ! Le format A5 [&hellip;]<\/p>\n","protected":false},"featured_media":3620,"comment_status":"open","ping_status":"closed","template":"","meta":[],"product_brand":[],"product_cat":[88],"product_tag":[],"class_list":{"0":"post-3619","1":"product","2":"type-product","3":"status-publish","4":"has-post-thumbnail","6":"product_cat-carnets-cahiers","8":"first","9":"instock","10":"taxable","11":"shipping-taxable","12":"product-type-simple"},"_links":{"self":[{"href":"https:\/\/www.printings-n.com\/nl\/wp-json\/wp\/v2\/product\/3619","targetHints":{"allow":["GET"]}}],"collection":[{"href":"https:\/\/www.printings-n.com\/nl\/wp-json\/wp\/v2\/product"}],"about":[{"href":"https:\/\/www.printings-n.com\/nl\/wp-json\/wp\/v2\/types\/product"}],"replies":[{"embeddable":true,"href":"https:\/\/www.printings-n.com\/nl\/wp-json\/wp\/v2\/comments?post=3619"}],"wp:featuredmedia":[{"embeddable":true,"href":"https:\/\/www.printings-n.com\/nl\/wp-json\/wp\/v2\/media\/3620"}],"wp:attachment":[{"href":"https:\/\/www.printings-n.com\/nl\/wp-json\/wp\/v2\/media?parent=3619"}],"wp:term":[{"taxonomy":"product_brand","embeddable":true,"href":"https:\/\/www.printings-n.com\/nl\/wp-json\/wp\/v2\/product_brand?post=3619"},{"taxonomy":"product_cat","embeddable":true,"href":"https:\/\/www.printings-n.com\/nl\/wp-json\/wp\/v2\/product_cat?post=3619"},{"taxonomy":"product_tag","embeddable":true,"href":"https:\/\/www.printings-n.com\/nl\/wp-json\/wp\/v2\/product_tag?post=3619"}],"curies":[{"name":"wp","href":"https:\/\/api.w.org\/{rel}","templated":true}]}}