{"id":3614,"date":"2024-11-30T23:17:36","date_gmt":"2024-11-30T23:17:36","guid":{"rendered":"https:\/\/www.printings-n.com\/produit\/agendas-classiques-eurotopbalacrondiary\/"},"modified":"2024-11-30T23:17:36","modified_gmt":"2024-11-30T23:17:36","slug":"eurotopbalacrondiary-klassieke-dagboeken","status":"publish","type":"product","link":"https:\/\/www.printings-n.com\/nl\/product\/eurotopbalacrondiary-klassieke-dagboeken\/","title":{"rendered":"A5 Eurotop Balacron agenda 6 talen"},"content":{"rendered":"<p>Blijf georganiseerd met deze slimme bureauagenda die verkrijgbaar is in zes talen: Engels, Nederlands, Frans, Duits, Italiaans en Spaans. De agenda heeft een duurzame gewatteerde kaft met het jaartal in reli\u00ebf op de voorkant en een indeling van \u00e9\u00e9n pagina per dag. De handige afneembare datumhoeken maken het makkelijk om overzicht te houden, terwijl de jaarplanner en extra ruimte voor notities helpen om je projecten onder controle te houden. Bijna A5-formaat, perfect.<\/p>","protected":false},"excerpt":{"rendered":"<p>Restez organis\u00e9 avec cet agenda de bureau intelligent disponible en six langues : anglais, n\u00e9erlandais, fran\u00e7ais, allemand, italien et espagnol. Dot\u00e9 d&#039;une couverture matelass\u00e9e durable avec l&#039;ann\u00e9e emboss\u00e9e sur le devant, il comprend une mise en page d&#039;une page par jour. Les coins dat\u00e9s d\u00e9tachables pratiques permettent un suivi facile, tandis que le planificateur annuel [&hellip;]<\/p>\n","protected":false},"featured_media":3615,"comment_status":"open","ping_status":"closed","template":"","meta":[],"product_brand":[],"product_cat":[88],"product_tag":[],"class_list":{"0":"post-3614","1":"product","2":"type-product","3":"status-publish","4":"has-post-thumbnail","6":"product_cat-carnets-cahiers","8":"first","9":"instock","10":"taxable","11":"shipping-taxable","12":"product-type-simple"},"_links":{"self":[{"href":"https:\/\/www.printings-n.com\/nl\/wp-json\/wp\/v2\/product\/3614","targetHints":{"allow":["GET"]}}],"collection":[{"href":"https:\/\/www.printings-n.com\/nl\/wp-json\/wp\/v2\/product"}],"about":[{"href":"https:\/\/www.printings-n.com\/nl\/wp-json\/wp\/v2\/types\/product"}],"replies":[{"embeddable":true,"href":"https:\/\/www.printings-n.com\/nl\/wp-json\/wp\/v2\/comments?post=3614"}],"wp:featuredmedia":[{"embeddable":true,"href":"https:\/\/www.printings-n.com\/nl\/wp-json\/wp\/v2\/media\/3615"}],"wp:attachment":[{"href":"https:\/\/www.printings-n.com\/nl\/wp-json\/wp\/v2\/media?parent=3614"}],"wp:term":[{"taxonomy":"product_brand","embeddable":true,"href":"https:\/\/www.printings-n.com\/nl\/wp-json\/wp\/v2\/product_brand?post=3614"},{"taxonomy":"product_cat","embeddable":true,"href":"https:\/\/www.printings-n.com\/nl\/wp-json\/wp\/v2\/product_cat?post=3614"},{"taxonomy":"product_tag","embeddable":true,"href":"https:\/\/www.printings-n.com\/nl\/wp-json\/wp\/v2\/product_tag?post=3614"}],"curies":[{"name":"wp","href":"https:\/\/api.w.org\/{rel}","templated":true}]}}