{"id":3568,"date":"2024-11-30T23:14:17","date_gmt":"2024-11-30T23:14:17","guid":{"rendered":"https:\/\/www.printings-n.com\/produit\/polos-premium-en-tissu-melange-fruit-of-the-loom-tshirtfruitoftheloompolo-2\/"},"modified":"2024-11-30T23:14:19","modified_gmt":"2024-11-30T23:14:19","slug":"fruit-of-the-loom-premium-gemeleerd-poloshirtfruitoftheloompolo-2","status":"publish","type":"product","link":"https:\/\/www.printings-n.com\/nl\/product\/fruit-of-the-loom-premium-gemeleerd-poloshirtfruitoftheloompolo-2\/","title":{"rendered":"Premium gem\u00ealeerde poloshirts van Fruit of the Loom"},"content":{"rendered":"<p>Ben je op zoek naar nieuwe uniformen voor je personeel of wil je er goed uitzien voor een evenement of promotie? Dan zijn de Premium blend poloshirts van Fruit of the Loom de perfecte oplossing voor jou! Deze polo, verkrijgbaar in heren- en damesmaten en stijlen, is verkrijgbaar in verschillende kleuren om je te helpen je te onderscheiden van de massa.<\/p>","protected":false},"excerpt":{"rendered":"<p>Vous \u00eates \u00e0 la recherche de nouveaux uniformes pour votre personnel ou vous avez besoin d&#039;\u00eatre \u00e9l\u00e9gant pour un \u00e9v\u00e9nement ou une promotion \u00e0 venir ? Alors Polos premium en tissu m\u00e9lang\u00e9 Fruit of the Loom est la solution parfaite pour vous ! Ce polo, disponible en tailles et styles masculins et f\u00e9minins, est disponible [&hellip;]<\/p>\n","protected":false},"featured_media":3569,"comment_status":"open","ping_status":"closed","template":"","meta":[],"product_brand":[],"product_cat":[86],"product_tag":[],"class_list":{"0":"post-3568","1":"product","2":"type-product","3":"status-publish","4":"has-post-thumbnail","6":"product_cat-chemises-polo","8":"first","9":"instock","10":"taxable","11":"shipping-taxable","12":"product-type-simple"},"_links":{"self":[{"href":"https:\/\/www.printings-n.com\/nl\/wp-json\/wp\/v2\/product\/3568","targetHints":{"allow":["GET"]}}],"collection":[{"href":"https:\/\/www.printings-n.com\/nl\/wp-json\/wp\/v2\/product"}],"about":[{"href":"https:\/\/www.printings-n.com\/nl\/wp-json\/wp\/v2\/types\/product"}],"replies":[{"embeddable":true,"href":"https:\/\/www.printings-n.com\/nl\/wp-json\/wp\/v2\/comments?post=3568"}],"wp:featuredmedia":[{"embeddable":true,"href":"https:\/\/www.printings-n.com\/nl\/wp-json\/wp\/v2\/media\/3569"}],"wp:attachment":[{"href":"https:\/\/www.printings-n.com\/nl\/wp-json\/wp\/v2\/media?parent=3568"}],"wp:term":[{"taxonomy":"product_brand","embeddable":true,"href":"https:\/\/www.printings-n.com\/nl\/wp-json\/wp\/v2\/product_brand?post=3568"},{"taxonomy":"product_cat","embeddable":true,"href":"https:\/\/www.printings-n.com\/nl\/wp-json\/wp\/v2\/product_cat?post=3568"},{"taxonomy":"product_tag","embeddable":true,"href":"https:\/\/www.printings-n.com\/nl\/wp-json\/wp\/v2\/product_tag?post=3568"}],"curies":[{"name":"wp","href":"https:\/\/api.w.org\/{rel}","templated":true}]}}