{"id":3553,"date":"2024-11-30T23:13:49","date_gmt":"2024-11-30T23:13:49","guid":{"rendered":"https:\/\/www.printings-n.com\/produit\/polo-classique-fruit-of-the-loom-polopreloom170gsm\/"},"modified":"2024-11-30T23:13:51","modified_gmt":"2024-11-30T23:13:51","slug":"polo-classique-fruit-of-the-loom-polopreloom170gsm","status":"publish","type":"product","link":"https:\/\/www.printings-n.com\/nl\/product\/polo-classique-fruit-of-the-loom-polopreloom170gsm\/","title":{"rendered":"Premium polo van Fruit of the Loom"},"content":{"rendered":"<p>Notre polo classique \u00e0 manches courtes convient aussi bien aux hommes qu&#039;aux femmes. Fabriqu\u00e9 \u00e0 partir de coton 100% doux et respirant, il offre le confort n\u00e9cessaire pour \u00eatre port\u00e9 toute la journ\u00e9e. Le tissu est l\u00e9ger et parfait pour le temps chaud ou les \u00e9v\u00e9nements en int\u00e9rieur. Choisissez ce v\u00eatement intemporel pour un look simple mais sophistiqu\u00e9. Il suffit d&#039;ajouter votre design et vous \u00eates pr\u00eat pour votre prochain \u00e9v\u00e9nement.<\/p>","protected":false},"excerpt":{"rendered":"<p>Notre polo classique \u00e0 manches courtes convient aussi bien aux hommes qu&#039;aux femmes. Fabriqu\u00e9 \u00e0 partir de coton 100% doux et respirant, il offre le confort n\u00e9cessaire pour \u00eatre port\u00e9 toute la journ\u00e9e. Le tissu est l\u00e9ger et parfait pour le temps chaud ou les \u00e9v\u00e9nements en int\u00e9rieur. Choisissez ce v\u00eatement intemporel pour un look [&hellip;]<\/p>\n","protected":false},"featured_media":3554,"comment_status":"open","ping_status":"closed","template":"","meta":[],"product_brand":[],"product_cat":[86],"product_tag":[],"class_list":{"0":"post-3553","1":"product","2":"type-product","3":"status-publish","4":"has-post-thumbnail","6":"product_cat-chemises-polo","8":"first","9":"instock","10":"taxable","11":"shipping-taxable","12":"product-type-simple"},"_links":{"self":[{"href":"https:\/\/www.printings-n.com\/nl\/wp-json\/wp\/v2\/product\/3553","targetHints":{"allow":["GET"]}}],"collection":[{"href":"https:\/\/www.printings-n.com\/nl\/wp-json\/wp\/v2\/product"}],"about":[{"href":"https:\/\/www.printings-n.com\/nl\/wp-json\/wp\/v2\/types\/product"}],"replies":[{"embeddable":true,"href":"https:\/\/www.printings-n.com\/nl\/wp-json\/wp\/v2\/comments?post=3553"}],"wp:featuredmedia":[{"embeddable":true,"href":"https:\/\/www.printings-n.com\/nl\/wp-json\/wp\/v2\/media\/3554"}],"wp:attachment":[{"href":"https:\/\/www.printings-n.com\/nl\/wp-json\/wp\/v2\/media?parent=3553"}],"wp:term":[{"taxonomy":"product_brand","embeddable":true,"href":"https:\/\/www.printings-n.com\/nl\/wp-json\/wp\/v2\/product_brand?post=3553"},{"taxonomy":"product_cat","embeddable":true,"href":"https:\/\/www.printings-n.com\/nl\/wp-json\/wp\/v2\/product_cat?post=3553"},{"taxonomy":"product_tag","embeddable":true,"href":"https:\/\/www.printings-n.com\/nl\/wp-json\/wp\/v2\/product_tag?post=3553"}],"curies":[{"name":"wp","href":"https:\/\/api.w.org\/{rel}","templated":true}]}}