{"id":3397,"date":"2024-11-30T23:05:30","date_gmt":"2024-11-30T23:05:30","guid":{"rendered":"https:\/\/www.printings-n.com\/produit\/sweat-a-capuche-en-coton-recycle-iqoniq-jasperiqoniq\/"},"modified":"2024-11-30T23:05:32","modified_gmt":"2024-11-30T23:05:32","slug":"iqoniq-gerecycled-katoen-hoodie-jasperiqoniq","status":"publish","type":"product","link":"https:\/\/www.printings-n.com\/nl\/product\/iqoniq-gerecycled-katoen-hoodie-jasperiqoniq\/","title":{"rendered":"Iqoniq gerecycled katoenen hoodie"},"content":{"rendered":"<p>Dit unisex sweatshirt met lange mouwen is gemaakt van een mix van gerecycled en biologisch katoen en is niet alleen zacht en comfortabel, maar helpt ook om afval te verminderen en duurzame praktijken te promoten. De dubbellaagse capuchon, gezoomde zoom en mouwen met manchetten voegen warmte en duurzaamheid toe, waardoor het een veelzijdig kledingstuk is dat je het hele jaar door kunt dragen. De geborstelde fleece voering maakt het zeer comfortabel om te dragen, en het zal zeker een onmisbaar kledingstuk worden! Maar dat is nog niet alles: door voor deze hoodie te kiezen, steun je ook een beweging voor een groenere toekomst.<br \/>\n&lt;br&gt;&lt;br&gt;Elk Iqoniq product wordt geleverd met een unieke QR-tag voor gebruik met AWARE&trade;. Door deze QR te scannen krijg je toegang tot een digitaal paspoort speciaal voor het product.<\/p>","protected":false},"excerpt":{"rendered":"<p>Fabriqu\u00e9 \u00e0 partir d&#039;un m\u00e9lange de coton recycl\u00e9 et biologique, ce sweat \u00e0 manches longues unisexe est non seulement doux et confortable, mais il permet \u00e9galement de r\u00e9duire les d\u00e9chets et de promouvoir des pratiques durables. La capuche \u00e0 double \u00e9paisseur, le bas ourl\u00e9 et les manches \u00e0 poignets ajoutent \u00e0 la chaleur et \u00e0 [&hellip;]<\/p>\n","protected":false},"featured_media":3398,"comment_status":"open","ping_status":"closed","template":"","meta":[],"product_brand":[],"product_cat":[84],"product_tag":[],"class_list":{"0":"post-3397","1":"product","2":"type-product","3":"status-publish","4":"has-post-thumbnail","6":"product_cat-sweatshirts-a-capuche-et-pulls","8":"first","9":"instock","10":"taxable","11":"shipping-taxable","12":"product-type-simple"},"_links":{"self":[{"href":"https:\/\/www.printings-n.com\/nl\/wp-json\/wp\/v2\/product\/3397","targetHints":{"allow":["GET"]}}],"collection":[{"href":"https:\/\/www.printings-n.com\/nl\/wp-json\/wp\/v2\/product"}],"about":[{"href":"https:\/\/www.printings-n.com\/nl\/wp-json\/wp\/v2\/types\/product"}],"replies":[{"embeddable":true,"href":"https:\/\/www.printings-n.com\/nl\/wp-json\/wp\/v2\/comments?post=3397"}],"wp:featuredmedia":[{"embeddable":true,"href":"https:\/\/www.printings-n.com\/nl\/wp-json\/wp\/v2\/media\/3398"}],"wp:attachment":[{"href":"https:\/\/www.printings-n.com\/nl\/wp-json\/wp\/v2\/media?parent=3397"}],"wp:term":[{"taxonomy":"product_brand","embeddable":true,"href":"https:\/\/www.printings-n.com\/nl\/wp-json\/wp\/v2\/product_brand?post=3397"},{"taxonomy":"product_cat","embeddable":true,"href":"https:\/\/www.printings-n.com\/nl\/wp-json\/wp\/v2\/product_cat?post=3397"},{"taxonomy":"product_tag","embeddable":true,"href":"https:\/\/www.printings-n.com\/nl\/wp-json\/wp\/v2\/product_tag?post=3397"}],"curies":[{"name":"wp","href":"https:\/\/api.w.org\/{rel}","templated":true}]}}