{"id":3391,"date":"2024-11-30T23:05:06","date_gmt":"2024-11-30T23:05:06","guid":{"rendered":"https:\/\/www.printings-n.com\/produit\/sweats-a-capuche-budget-bc-hoodiesbudgetbc\/"},"modified":"2024-11-30T23:05:08","modified_gmt":"2024-11-30T23:05:08","slug":"budget-bc-hoodiesbudgetbc-hoodies","status":"publish","type":"product","link":"https:\/\/www.printings-n.com\/nl\/product\/budget-bc-hoodiesbudgetbc-hoodies\/","title":{"rendered":"B&amp;C hoodies"},"content":{"rendered":"<p>Deze ultracomfortabele, milieuvriendelijke hoodies zijn gemaakt van een mix van katoen en polyester en zien er geweldig uit. Unisex, de beste prijs-kwaliteitverhouding op de markt! De klassieke stijl heeft een capuchon met trekkoord, een kangoeroezak en geribde manchetten en zoom voor een perfecte pasvorm. Voor zo'n geweldige prijs kun je verschillende kleuren kopen. Wil je je hoodies zo snel mogelijk? Geen probleem, ze zijn verkrijgbaar met snelle levering!<\/p>","protected":false},"excerpt":{"rendered":"<p>Fabriqu\u00e9s \u00e0 partir d&#039;un m\u00e9lange de coton et de polyester, vous allez adorer l&#039;aspect et le toucher de ces sweats \u00e0 capuche ultra confortables et \u00e9co-responsables. Unisexes, ils constituent le meilleur rapport qualit\u00e9\/prix du march\u00e9 ! Le style classique comprend une capuche \u00e0 cordon de serrage, une poche kangourou, ainsi que des poignets et un [&hellip;]<\/p>\n","protected":false},"featured_media":3392,"comment_status":"open","ping_status":"closed","template":"","meta":[],"product_brand":[],"product_cat":[84],"product_tag":[],"class_list":{"0":"post-3391","1":"product","2":"type-product","3":"status-publish","4":"has-post-thumbnail","6":"product_cat-sweatshirts-a-capuche-et-pulls","8":"first","9":"instock","10":"taxable","11":"shipping-taxable","12":"product-type-simple"},"_links":{"self":[{"href":"https:\/\/www.printings-n.com\/nl\/wp-json\/wp\/v2\/product\/3391","targetHints":{"allow":["GET"]}}],"collection":[{"href":"https:\/\/www.printings-n.com\/nl\/wp-json\/wp\/v2\/product"}],"about":[{"href":"https:\/\/www.printings-n.com\/nl\/wp-json\/wp\/v2\/types\/product"}],"replies":[{"embeddable":true,"href":"https:\/\/www.printings-n.com\/nl\/wp-json\/wp\/v2\/comments?post=3391"}],"wp:featuredmedia":[{"embeddable":true,"href":"https:\/\/www.printings-n.com\/nl\/wp-json\/wp\/v2\/media\/3392"}],"wp:attachment":[{"href":"https:\/\/www.printings-n.com\/nl\/wp-json\/wp\/v2\/media?parent=3391"}],"wp:term":[{"taxonomy":"product_brand","embeddable":true,"href":"https:\/\/www.printings-n.com\/nl\/wp-json\/wp\/v2\/product_brand?post=3391"},{"taxonomy":"product_cat","embeddable":true,"href":"https:\/\/www.printings-n.com\/nl\/wp-json\/wp\/v2\/product_cat?post=3391"},{"taxonomy":"product_tag","embeddable":true,"href":"https:\/\/www.printings-n.com\/nl\/wp-json\/wp\/v2\/product_tag?post=3391"}],"curies":[{"name":"wp","href":"https:\/\/api.w.org\/{rel}","templated":true}]}}