{"id":3177,"date":"2024-11-30T22:56:41","date_gmt":"2024-11-30T22:56:41","guid":{"rendered":"https:\/\/www.printings-n.com\/produit\/chaussettes-bliss-de-vodde-workwear-casualworksocksrecycledvodde\/"},"modified":"2024-11-30T22:56:41","modified_gmt":"2024-11-30T22:56:41","slug":"bliss-sokken-van-vodde-workwear-casualworksokkengerecycledvodde","status":"publish","type":"product","link":"https:\/\/www.printings-n.com\/nl\/product\/bliss-sokken-van-vodde-workwear-casualworksokkengerecycledvodde\/","title":{"rendered":"Bliss sokken van Vodde Workwear"},"content":{"rendered":"<p>Maak je klaar voor een comfortabele, langdurige werkdag met deze knusse sokken! Ze zijn met liefde gemaakt van gerecycled materiaal en bieden een geribbeld comfortgevoel, perfect voor lange uren in laarzen. Geen blaren meer dankzij de ondersteuning van de voetboog en het badstoffen voetbed voegt een extra laag comfort toe. Ze zijn ook robuust, ontworpen om dagelijkse slijtage te weerstaan. En het beste deel? Je helpt de planeet met elke stap!<\/p>","protected":false},"excerpt":{"rendered":"<p>Pr\u00e9parez-vous \u00e0 une journ\u00e9e de travail confortable et durable avec ces chaussettes douillettes ! Fabriqu\u00e9es avec amour \u00e0 partir de mat\u00e9riaux recycl\u00e9s, elles offrent une sensation de confort c\u00f4tel\u00e9e, parfaite pour les longues heures pass\u00e9es dans les bottes. Plus d&#039;ampoules gr\u00e2ce au soutien de la vo\u00fbte plantaire, et l&#039;assise plantaire en tissu \u00e9ponge ajoute une [&hellip;]<\/p>\n","protected":false},"featured_media":3178,"comment_status":"open","ping_status":"closed","template":"","meta":[],"product_brand":[],"product_cat":[81],"product_tag":[],"class_list":{"0":"post-3177","1":"product","2":"type-product","3":"status-publish","4":"has-post-thumbnail","6":"product_cat-vetements-de-travail","8":"first","9":"instock","10":"taxable","11":"shipping-taxable","12":"product-type-simple"},"_links":{"self":[{"href":"https:\/\/www.printings-n.com\/nl\/wp-json\/wp\/v2\/product\/3177","targetHints":{"allow":["GET"]}}],"collection":[{"href":"https:\/\/www.printings-n.com\/nl\/wp-json\/wp\/v2\/product"}],"about":[{"href":"https:\/\/www.printings-n.com\/nl\/wp-json\/wp\/v2\/types\/product"}],"replies":[{"embeddable":true,"href":"https:\/\/www.printings-n.com\/nl\/wp-json\/wp\/v2\/comments?post=3177"}],"wp:featuredmedia":[{"embeddable":true,"href":"https:\/\/www.printings-n.com\/nl\/wp-json\/wp\/v2\/media\/3178"}],"wp:attachment":[{"href":"https:\/\/www.printings-n.com\/nl\/wp-json\/wp\/v2\/media?parent=3177"}],"wp:term":[{"taxonomy":"product_brand","embeddable":true,"href":"https:\/\/www.printings-n.com\/nl\/wp-json\/wp\/v2\/product_brand?post=3177"},{"taxonomy":"product_cat","embeddable":true,"href":"https:\/\/www.printings-n.com\/nl\/wp-json\/wp\/v2\/product_cat?post=3177"},{"taxonomy":"product_tag","embeddable":true,"href":"https:\/\/www.printings-n.com\/nl\/wp-json\/wp\/v2\/product_tag?post=3177"}],"curies":[{"name":"wp","href":"https:\/\/api.w.org\/{rel}","templated":true}]}}