{"id":3127,"date":"2024-11-30T22:54:25","date_gmt":"2024-11-30T22:54:25","guid":{"rendered":"https:\/\/www.printings-n.com\/produit\/blocs-notes-ecologiques-notepadseco\/"},"modified":"2024-11-30T22:54:26","modified_gmt":"2024-11-30T22:54:26","slug":"ecologische-notitieblokken-notitieblokseco","status":"publish","type":"product","link":"https:\/\/www.printings-n.com\/nl\/product\/ecologische-notitieblokken-notitieblokseco\/","title":{"rendered":"Ecologische blocnotes"},"content":{"rendered":"<p>Vous avez toujours voulu des blocs-notes \u00e9cologiques uniques pour votre entreprise ? Imprimez des blocs-notes \u00e9cologiques sur [site_name] et impressionnez vos clients ! Nos blocs-notes \u00e9cologiques sont imprim\u00e9s sur du papier de la meilleure qualit\u00e9. Les blocs-notes sont un \u00e9l\u00e9ment essentiel de votre papeterie.&lt;br&gt;<\/p>\n<p>ATTENTION : Nos blocs-notes ne contiennent pas de lignes. Vous devez ajouter des lignes \u00e0 votre visuel.<\/p>\n","protected":false},"excerpt":{"rendered":"<p>Vous avez toujours voulu des blocs-notes \u00e9cologiques uniques pour votre entreprise ? Imprimez des blocs-notes \u00e9cologiques sur [site_name] et impressionnez vos clients ! Nos blocs-notes \u00e9cologiques sont imprim\u00e9s sur du papier de la meilleure qualit\u00e9. Les blocs-notes sont un \u00e9l\u00e9ment essentiel de votre papeterie.&lt;br&gt; ATTENTION : Nos blocs-notes ne contiennent pas de lignes. Vous devez [&hellip;]<\/p>\n","protected":false},"featured_media":3128,"comment_status":"open","ping_status":"closed","template":"","meta":[],"product_brand":[],"product_cat":[78],"product_tag":[],"class_list":{"0":"post-3127","1":"product","2":"type-product","3":"status-publish","4":"has-post-thumbnail","6":"product_cat-papeterie","8":"first","9":"instock","10":"taxable","11":"shipping-taxable","12":"product-type-simple"},"_links":{"self":[{"href":"https:\/\/www.printings-n.com\/nl\/wp-json\/wp\/v2\/product\/3127","targetHints":{"allow":["GET"]}}],"collection":[{"href":"https:\/\/www.printings-n.com\/nl\/wp-json\/wp\/v2\/product"}],"about":[{"href":"https:\/\/www.printings-n.com\/nl\/wp-json\/wp\/v2\/types\/product"}],"replies":[{"embeddable":true,"href":"https:\/\/www.printings-n.com\/nl\/wp-json\/wp\/v2\/comments?post=3127"}],"wp:featuredmedia":[{"embeddable":true,"href":"https:\/\/www.printings-n.com\/nl\/wp-json\/wp\/v2\/media\/3128"}],"wp:attachment":[{"href":"https:\/\/www.printings-n.com\/nl\/wp-json\/wp\/v2\/media?parent=3127"}],"wp:term":[{"taxonomy":"product_brand","embeddable":true,"href":"https:\/\/www.printings-n.com\/nl\/wp-json\/wp\/v2\/product_brand?post=3127"},{"taxonomy":"product_cat","embeddable":true,"href":"https:\/\/www.printings-n.com\/nl\/wp-json\/wp\/v2\/product_cat?post=3127"},{"taxonomy":"product_tag","embeddable":true,"href":"https:\/\/www.printings-n.com\/nl\/wp-json\/wp\/v2\/product_tag?post=3127"}],"curies":[{"name":"wp","href":"https:\/\/api.w.org\/{rel}","templated":true}]}}