{"id":3050,"date":"2024-11-30T22:48:32","date_gmt":"2024-11-30T22:48:32","guid":{"rendered":"https:\/\/www.printings-n.com\/produit\/affiche-avec-crochets-suspension-posterwithhangers\/"},"modified":"2024-11-30T22:48:33","modified_gmt":"2024-11-30T22:48:33","slug":"poster-met-haken-ophanging-poster-met-haken","status":"publish","type":"product","link":"https:\/\/www.printings-n.com\/nl\/product\/poster-met-haken-ophanging-poster-met-haken\/","title":{"rendered":"Poster met ophanghaken"},"content":{"rendered":"<p>Les affiches sont le meilleur moyen de faire remarquer vos publicit\u00e9s ! Avec Affiche avec crochets suspension, vous pouvez s\u00e9lectionner la taille de votre porte-affiche en bois de ch\u00eane pour faire ressortir votre affiche. Ces porte-affiches restent en place gr\u00e2ce \u00e0 une fermeture magn\u00e9tique, ce qui vous permet de changer votre affiche en fonction de la promotion, de l&#039;\u00e9v\u00e9nement, du menu saisonnier ou m\u00eame simplement pour donner un nouveau look \u00e0 votre maison ou votre bureau ! Imprim\u00e9s sur du papier brillant de haute qualit\u00e9, qu&#039;attendez-vous ? Commandez d\u00e8s maintenant sur [site_name] !<\/p>\n","protected":false},"excerpt":{"rendered":"<p>Les affiches sont le meilleur moyen de faire remarquer vos publicit\u00e9s ! Avec Affiche avec crochets suspension, vous pouvez s\u00e9lectionner la taille de votre porte-affiche en bois de ch\u00eane pour faire ressortir votre affiche. Ces porte-affiches restent en place gr\u00e2ce \u00e0 une fermeture magn\u00e9tique, ce qui vous permet de changer votre affiche en fonction de [&hellip;]<\/p>\n","protected":false},"featured_media":3051,"comment_status":"open","ping_status":"closed","template":"","meta":[],"product_brand":[],"product_cat":[75],"product_tag":[],"class_list":{"0":"post-3050","1":"product","2":"type-product","3":"status-publish","4":"has-post-thumbnail","6":"product_cat-affiches","8":"first","9":"instock","10":"taxable","11":"shipping-taxable","12":"product-type-simple"},"_links":{"self":[{"href":"https:\/\/www.printings-n.com\/nl\/wp-json\/wp\/v2\/product\/3050","targetHints":{"allow":["GET"]}}],"collection":[{"href":"https:\/\/www.printings-n.com\/nl\/wp-json\/wp\/v2\/product"}],"about":[{"href":"https:\/\/www.printings-n.com\/nl\/wp-json\/wp\/v2\/types\/product"}],"replies":[{"embeddable":true,"href":"https:\/\/www.printings-n.com\/nl\/wp-json\/wp\/v2\/comments?post=3050"}],"wp:featuredmedia":[{"embeddable":true,"href":"https:\/\/www.printings-n.com\/nl\/wp-json\/wp\/v2\/media\/3051"}],"wp:attachment":[{"href":"https:\/\/www.printings-n.com\/nl\/wp-json\/wp\/v2\/media?parent=3050"}],"wp:term":[{"taxonomy":"product_brand","embeddable":true,"href":"https:\/\/www.printings-n.com\/nl\/wp-json\/wp\/v2\/product_brand?post=3050"},{"taxonomy":"product_cat","embeddable":true,"href":"https:\/\/www.printings-n.com\/nl\/wp-json\/wp\/v2\/product_cat?post=3050"},{"taxonomy":"product_tag","embeddable":true,"href":"https:\/\/www.printings-n.com\/nl\/wp-json\/wp\/v2\/product_tag?post=3050"}],"curies":[{"name":"wp","href":"https:\/\/api.w.org\/{rel}","templated":true}]}}