{"id":2963,"date":"2024-11-30T22:42:48","date_gmt":"2024-11-30T22:42:48","guid":{"rendered":"https:\/\/www.printings-n.com\/produit\/porte-cartes-hotel-cardholders\/"},"modified":"2024-11-30T22:42:48","modified_gmt":"2024-11-30T22:42:48","slug":"hotelkaarthouders","status":"publish","type":"product","link":"https:\/\/www.printings-n.com\/nl\/product\/hotelkaarthouders\/","title":{"rendered":"Hotelkaarthouder"},"content":{"rendered":"<p>Deze kaarthouders zijn perfect als kamersleutels voor hotels of b&amp;b's! Pas ze aan beide zijden aan je merk aan en geef je klanten een betere ervaring in je zaak. Het binnenvak houdt de kaarten veilig op hun plaats en is gemakkelijk te vouwen. De kaart is gemaakt van hoogwaardig 300 g kunstpapier voor een professionele uitstraling. Bestel de jouwe vandaag nog!<\/p>","protected":false},"excerpt":{"rendered":"<p>Ces porte-cartes sont parfaits pour servir de cl\u00e9s de chambre pour les h\u00f4tels ou les b&amp;b ! Personnalisez-les recto-verso pour les adapter \u00e0 votre marque et offrir \u00e0 vos clients une meilleure exp\u00e9rience dans votre \u00e9tablissement. La pochette int\u00e9rieure maintient les cartes bien en place et est tr\u00e8s facile \u00e0 plier. La carte est fabriqu\u00e9e [&hellip;]<\/p>\n","protected":false},"featured_media":2964,"comment_status":"open","ping_status":"closed","template":"","meta":[],"product_brand":[],"product_cat":[74],"product_tag":[],"class_list":{"0":"post-2963","1":"product","2":"type-product","3":"status-publish","4":"has-post-thumbnail","6":"product_cat-hotellerie-restauration","8":"first","9":"instock","10":"taxable","11":"shipping-taxable","12":"product-type-simple"},"_links":{"self":[{"href":"https:\/\/www.printings-n.com\/nl\/wp-json\/wp\/v2\/product\/2963","targetHints":{"allow":["GET"]}}],"collection":[{"href":"https:\/\/www.printings-n.com\/nl\/wp-json\/wp\/v2\/product"}],"about":[{"href":"https:\/\/www.printings-n.com\/nl\/wp-json\/wp\/v2\/types\/product"}],"replies":[{"embeddable":true,"href":"https:\/\/www.printings-n.com\/nl\/wp-json\/wp\/v2\/comments?post=2963"}],"wp:featuredmedia":[{"embeddable":true,"href":"https:\/\/www.printings-n.com\/nl\/wp-json\/wp\/v2\/media\/2964"}],"wp:attachment":[{"href":"https:\/\/www.printings-n.com\/nl\/wp-json\/wp\/v2\/media?parent=2963"}],"wp:term":[{"taxonomy":"product_brand","embeddable":true,"href":"https:\/\/www.printings-n.com\/nl\/wp-json\/wp\/v2\/product_brand?post=2963"},{"taxonomy":"product_cat","embeddable":true,"href":"https:\/\/www.printings-n.com\/nl\/wp-json\/wp\/v2\/product_cat?post=2963"},{"taxonomy":"product_tag","embeddable":true,"href":"https:\/\/www.printings-n.com\/nl\/wp-json\/wp\/v2\/product_tag?post=2963"}],"curies":[{"name":"wp","href":"https:\/\/api.w.org\/{rel}","templated":true}]}}