{"id":2959,"date":"2024-11-30T22:42:39","date_gmt":"2024-11-30T22:42:39","guid":{"rendered":"https:\/\/www.printings-n.com\/produit\/carafes-rondes-1l-glassjug100straight\/"},"modified":"2024-11-30T22:42:40","modified_gmt":"2024-11-30T22:42:40","slug":"1l-glazen-kan100strakke-ronde-kannen","status":"publish","type":"product","link":"https:\/\/www.printings-n.com\/nl\/product\/1l-glazen-kan100strakke-ronde-kannen\/","title":{"rendered":"1L ronde kannen"},"content":{"rendered":"<p>Avec ces grands classiques de l&#039;h\u00f4tellerie-restauration comme les carafes rondes 1L d&#039;[site_name], obtenez un contenant pratique et durable adapt\u00e9 aux besoins de votre \u00e9tablissement ou de votre \u00e9v\u00e9nement. Fabriqu\u00e9es en verre d&#039;excellente qualit\u00e9, elles sont disponibles d\u00e8s 36 exemplaires.<\/p>\n","protected":false},"excerpt":{"rendered":"<p>Avec ces grands classiques de l&#039;h\u00f4tellerie-restauration comme les carafes rondes 1L d&#039;[site_name], obtenez un contenant pratique et durable adapt\u00e9 aux besoins de votre \u00e9tablissement ou de votre \u00e9v\u00e9nement. Fabriqu\u00e9es en verre d&#039;excellente qualit\u00e9, elles sont disponibles d\u00e8s 36 exemplaires.<\/p>\n","protected":false},"featured_media":2960,"comment_status":"open","ping_status":"closed","template":"","meta":[],"product_brand":[],"product_cat":[74],"product_tag":[],"class_list":{"0":"post-2959","1":"product","2":"type-product","3":"status-publish","4":"has-post-thumbnail","6":"product_cat-hotellerie-restauration","8":"first","9":"instock","10":"taxable","11":"shipping-taxable","12":"product-type-simple"},"_links":{"self":[{"href":"https:\/\/www.printings-n.com\/nl\/wp-json\/wp\/v2\/product\/2959","targetHints":{"allow":["GET"]}}],"collection":[{"href":"https:\/\/www.printings-n.com\/nl\/wp-json\/wp\/v2\/product"}],"about":[{"href":"https:\/\/www.printings-n.com\/nl\/wp-json\/wp\/v2\/types\/product"}],"replies":[{"embeddable":true,"href":"https:\/\/www.printings-n.com\/nl\/wp-json\/wp\/v2\/comments?post=2959"}],"wp:featuredmedia":[{"embeddable":true,"href":"https:\/\/www.printings-n.com\/nl\/wp-json\/wp\/v2\/media\/2960"}],"wp:attachment":[{"href":"https:\/\/www.printings-n.com\/nl\/wp-json\/wp\/v2\/media?parent=2959"}],"wp:term":[{"taxonomy":"product_brand","embeddable":true,"href":"https:\/\/www.printings-n.com\/nl\/wp-json\/wp\/v2\/product_brand?post=2959"},{"taxonomy":"product_cat","embeddable":true,"href":"https:\/\/www.printings-n.com\/nl\/wp-json\/wp\/v2\/product_cat?post=2959"},{"taxonomy":"product_tag","embeddable":true,"href":"https:\/\/www.printings-n.com\/nl\/wp-json\/wp\/v2\/product_tag?post=2959"}],"curies":[{"name":"wp","href":"https:\/\/api.w.org\/{rel}","templated":true}]}}