{"id":2949,"date":"2024-11-30T22:42:22","date_gmt":"2024-11-30T22:42:22","guid":{"rendered":"https:\/\/www.printings-n.com\/produit\/carafes-bouteilles-1l-glassbottle100oslo\/"},"modified":"2024-11-30T22:42:22","modified_gmt":"2024-11-30T22:42:22","slug":"karaf-flessen-1l-glasfles100oslo","status":"publish","type":"product","link":"https:\/\/www.printings-n.com\/nl\/product\/karaf-flessen-1l-glasfles100oslo\/","title":{"rendered":"1L decanteerflessen"},"content":{"rendered":"<p>Zorg voor een unieke uitstraling met decanteerflessen van 1 liter die jouw imago weerspiegelen! Deze decanteerflessen van 1 liter zijn ideaal voor decoratie, maar ook heel praktisch in gebruik. Ze zijn gemaakt van duurzaam glas dat lang meegaat, zodat je materiaal er altijd professioneel en van uitstekende kwaliteit uitziet! Ze zijn verkrijgbaar in grote hoeveelheden en dus ideaal voor je bedrijf of evenement. Deze glazen karaf wordt geleverd met een grijs\/zilveren stop.<\/p>","protected":false},"excerpt":{"rendered":"<p>Affichez une apparence unique avec des carafes bouteilles 1L \u00e0 votre image ! Id\u00e9ales pour votre d\u00e9coration mais \u00e9galement tr\u00e8s pratiques \u00e0 l&#039;utilisation, ces carafes bouteilles 1L sont fabriqu\u00e9es avec du verre durable et r\u00e9sistant au temps pour que votre mat\u00e9riel soit toujours professionnel et d&#039;excellente qualit\u00e9 ! Disponibles en grande quantit\u00e9, elles sont id\u00e9ales [&hellip;]<\/p>\n","protected":false},"featured_media":2950,"comment_status":"open","ping_status":"closed","template":"","meta":[],"product_brand":[],"product_cat":[74],"product_tag":[],"class_list":{"0":"post-2949","1":"product","2":"type-product","3":"status-publish","4":"has-post-thumbnail","6":"product_cat-hotellerie-restauration","8":"first","9":"instock","10":"taxable","11":"shipping-taxable","12":"product-type-simple"},"_links":{"self":[{"href":"https:\/\/www.printings-n.com\/nl\/wp-json\/wp\/v2\/product\/2949","targetHints":{"allow":["GET"]}}],"collection":[{"href":"https:\/\/www.printings-n.com\/nl\/wp-json\/wp\/v2\/product"}],"about":[{"href":"https:\/\/www.printings-n.com\/nl\/wp-json\/wp\/v2\/types\/product"}],"replies":[{"embeddable":true,"href":"https:\/\/www.printings-n.com\/nl\/wp-json\/wp\/v2\/comments?post=2949"}],"wp:featuredmedia":[{"embeddable":true,"href":"https:\/\/www.printings-n.com\/nl\/wp-json\/wp\/v2\/media\/2950"}],"wp:attachment":[{"href":"https:\/\/www.printings-n.com\/nl\/wp-json\/wp\/v2\/media?parent=2949"}],"wp:term":[{"taxonomy":"product_brand","embeddable":true,"href":"https:\/\/www.printings-n.com\/nl\/wp-json\/wp\/v2\/product_brand?post=2949"},{"taxonomy":"product_cat","embeddable":true,"href":"https:\/\/www.printings-n.com\/nl\/wp-json\/wp\/v2\/product_cat?post=2949"},{"taxonomy":"product_tag","embeddable":true,"href":"https:\/\/www.printings-n.com\/nl\/wp-json\/wp\/v2\/product_tag?post=2949"}],"curies":[{"name":"wp","href":"https:\/\/api.w.org\/{rel}","templated":true}]}}