{"id":2937,"date":"2024-11-30T22:42:07","date_gmt":"2024-11-30T22:42:07","guid":{"rendered":"https:\/\/www.printings-n.com\/produit\/flutes-a-champagne-17-cl-glasschampagne017\/"},"modified":"2024-11-30T22:42:08","modified_gmt":"2024-11-30T22:42:08","slug":"champagneglazen-17-clchampagne017","status":"publish","type":"product","link":"https:\/\/www.printings-n.com\/nl\/product\/champagneglazen-17-clchampagne017\/","title":{"rendered":"Champagneglazen 17 cl"},"content":{"rendered":"<p>Id\u00e9ales pour c\u00e9l\u00e9brer vos plus beaux \u00e9v\u00e9nements, la fl\u00fbte \u00e0 champagne 17 cl d&#039;[site_name] vous accompagnera tout au long de l&#039;ann\u00e9e. Fabriqu\u00e9e avec du verre r\u00e9sistant d&#039;excellente qualit\u00e9, vous obtenez des coupes qui resteront en parfait \u00e9tat malgr\u00e9 le temps qui passe.<\/p>\n","protected":false},"excerpt":{"rendered":"<p>Id\u00e9ales pour c\u00e9l\u00e9brer vos plus beaux \u00e9v\u00e9nements, la fl\u00fbte \u00e0 champagne 17 cl d&#039;[site_name] vous accompagnera tout au long de l&#039;ann\u00e9e. Fabriqu\u00e9e avec du verre r\u00e9sistant d&#039;excellente qualit\u00e9, vous obtenez des coupes qui resteront en parfait \u00e9tat malgr\u00e9 le temps qui passe.<\/p>\n","protected":false},"featured_media":2938,"comment_status":"open","ping_status":"closed","template":"","meta":[],"product_brand":[],"product_cat":[74],"product_tag":[],"class_list":{"0":"post-2937","1":"product","2":"type-product","3":"status-publish","4":"has-post-thumbnail","6":"product_cat-hotellerie-restauration","8":"first","9":"instock","10":"taxable","11":"shipping-taxable","12":"product-type-simple"},"_links":{"self":[{"href":"https:\/\/www.printings-n.com\/nl\/wp-json\/wp\/v2\/product\/2937","targetHints":{"allow":["GET"]}}],"collection":[{"href":"https:\/\/www.printings-n.com\/nl\/wp-json\/wp\/v2\/product"}],"about":[{"href":"https:\/\/www.printings-n.com\/nl\/wp-json\/wp\/v2\/types\/product"}],"replies":[{"embeddable":true,"href":"https:\/\/www.printings-n.com\/nl\/wp-json\/wp\/v2\/comments?post=2937"}],"wp:featuredmedia":[{"embeddable":true,"href":"https:\/\/www.printings-n.com\/nl\/wp-json\/wp\/v2\/media\/2938"}],"wp:attachment":[{"href":"https:\/\/www.printings-n.com\/nl\/wp-json\/wp\/v2\/media?parent=2937"}],"wp:term":[{"taxonomy":"product_brand","embeddable":true,"href":"https:\/\/www.printings-n.com\/nl\/wp-json\/wp\/v2\/product_brand?post=2937"},{"taxonomy":"product_cat","embeddable":true,"href":"https:\/\/www.printings-n.com\/nl\/wp-json\/wp\/v2\/product_cat?post=2937"},{"taxonomy":"product_tag","embeddable":true,"href":"https:\/\/www.printings-n.com\/nl\/wp-json\/wp\/v2\/product_tag?post=2937"}],"curies":[{"name":"wp","href":"https:\/\/api.w.org\/{rel}","templated":true}]}}