{"id":2935,"date":"2024-11-30T22:42:04","date_gmt":"2024-11-30T22:42:04","guid":{"rendered":"https:\/\/www.printings-n.com\/produit\/verres-a-biere-34cl-glassbeerstackable034\/"},"modified":"2024-11-30T22:42:04","modified_gmt":"2024-11-30T22:42:04","slug":"bierglazen-34cl-glasbeerstapelbaar034","status":"publish","type":"product","link":"https:\/\/www.printings-n.com\/nl\/product\/bierglazen-34cl-glasbeerstapelbaar034\/","title":{"rendered":"Bierglazen 34cl"},"content":{"rendered":"<p>Les verres \u00e0 bi\u00e8re 34cl d&#039;[site_name] sont particuli\u00e8rement pratiques car ils sont empilables et vous permettent ainsi de gagner de la place dans votre \u00e9tablissement. Disponible en grande quantit\u00e9, c&#039;est un indispensable pour les professionnels de la restaurant ou de l&#039;\u00e9v\u00e9nementiel.<\/p>\n","protected":false},"excerpt":{"rendered":"<p>Les verres \u00e0 bi\u00e8re 34cl d&#039;[site_name] sont particuli\u00e8rement pratiques car ils sont empilables et vous permettent ainsi de gagner de la place dans votre \u00e9tablissement. Disponible en grande quantit\u00e9, c&#039;est un indispensable pour les professionnels de la restaurant ou de l&#039;\u00e9v\u00e9nementiel.<\/p>\n","protected":false},"featured_media":2936,"comment_status":"open","ping_status":"closed","template":"","meta":[],"product_brand":[],"product_cat":[74],"product_tag":[],"class_list":{"0":"post-2935","1":"product","2":"type-product","3":"status-publish","4":"has-post-thumbnail","6":"product_cat-hotellerie-restauration","8":"first","9":"instock","10":"taxable","11":"shipping-taxable","12":"product-type-simple"},"_links":{"self":[{"href":"https:\/\/www.printings-n.com\/nl\/wp-json\/wp\/v2\/product\/2935","targetHints":{"allow":["GET"]}}],"collection":[{"href":"https:\/\/www.printings-n.com\/nl\/wp-json\/wp\/v2\/product"}],"about":[{"href":"https:\/\/www.printings-n.com\/nl\/wp-json\/wp\/v2\/types\/product"}],"replies":[{"embeddable":true,"href":"https:\/\/www.printings-n.com\/nl\/wp-json\/wp\/v2\/comments?post=2935"}],"wp:featuredmedia":[{"embeddable":true,"href":"https:\/\/www.printings-n.com\/nl\/wp-json\/wp\/v2\/media\/2936"}],"wp:attachment":[{"href":"https:\/\/www.printings-n.com\/nl\/wp-json\/wp\/v2\/media?parent=2935"}],"wp:term":[{"taxonomy":"product_brand","embeddable":true,"href":"https:\/\/www.printings-n.com\/nl\/wp-json\/wp\/v2\/product_brand?post=2935"},{"taxonomy":"product_cat","embeddable":true,"href":"https:\/\/www.printings-n.com\/nl\/wp-json\/wp\/v2\/product_cat?post=2935"},{"taxonomy":"product_tag","embeddable":true,"href":"https:\/\/www.printings-n.com\/nl\/wp-json\/wp\/v2\/product_tag?post=2935"}],"curies":[{"name":"wp","href":"https:\/\/api.w.org\/{rel}","templated":true}]}}