{"id":2911,"date":"2024-11-30T22:38:36","date_gmt":"2024-11-30T22:38:36","guid":{"rendered":"https:\/\/www.printings-n.com\/produit\/depliant-2-plis-accordeon-3-volets-foldedleafletszfold\/"},"modified":"2024-11-30T22:38:37","modified_gmt":"2024-11-30T22:38:37","slug":"depliant-2-plis-accordeon-3-volets-foldedleafletszfold","status":"publish","type":"product","link":"https:\/\/www.printings-n.com\/nl\/product\/depliant-2-plis-accordeon-3-volets-foldedleafletszfold\/","title":{"rendered":"Folder 2 accordeonvouwen - 3 panelen"},"content":{"rendered":"<p>Imprimez vos d\u00e9pliants 3 volets accord\u00e9on avec [site_name] pour une communication \u00e9l\u00e9gante et efficace ! Avec ces deux petits plis, vous maximisez votre surface d&#039;impression et fournissez ainsi plus d&#039;informations sur votre entreprise, votre \u00e9v\u00e9nement, vos produits ou vos services pour convaincre vos clients, partenaires et prospects. En choisissant parmi une large gamme de formats, papiers et finitions vous obtenez un d\u00e9pliant 3 volets enti\u00e8rement personnalis\u00e9 \u00e0 votre image, pour que vos campagnes publicitaires soient toujours un v\u00e9ritable succ\u00e8s. &lt;br&gt;&lt;br&gt;<br \/>\nNote: Les d\u00e9pliants de 90 g, 135 g et 170 g sont toujours livr\u00e9s pli\u00e9s. Pour 250 g et plus, les d\u00e9pliants seront rain\u00e9s et parfois pli\u00e9s, selon la taille. Cela garantit la pr\u00e9servation de la qualit\u00e9 de votre impression.<\/p>\n","protected":false},"excerpt":{"rendered":"<p>Imprimez vos d\u00e9pliants 3 volets accord\u00e9on avec [site_name] pour une communication \u00e9l\u00e9gante et efficace ! Avec ces deux petits plis, vous maximisez votre surface d&#039;impression et fournissez ainsi plus d&#039;informations sur votre entreprise, votre \u00e9v\u00e9nement, vos produits ou vos services pour convaincre vos clients, partenaires et prospects. En choisissant parmi une large gamme de formats, [&hellip;]<\/p>\n","protected":false},"featured_media":2912,"comment_status":"open","ping_status":"closed","template":"","meta":[],"product_brand":[],"product_cat":[73],"product_tag":[],"class_list":{"0":"post-2911","1":"product","2":"type-product","3":"status-publish","4":"has-post-thumbnail","6":"product_cat-depliants-plies","8":"first","9":"instock","10":"taxable","11":"shipping-taxable","12":"product-type-simple"},"_links":{"self":[{"href":"https:\/\/www.printings-n.com\/nl\/wp-json\/wp\/v2\/product\/2911","targetHints":{"allow":["GET"]}}],"collection":[{"href":"https:\/\/www.printings-n.com\/nl\/wp-json\/wp\/v2\/product"}],"about":[{"href":"https:\/\/www.printings-n.com\/nl\/wp-json\/wp\/v2\/types\/product"}],"replies":[{"embeddable":true,"href":"https:\/\/www.printings-n.com\/nl\/wp-json\/wp\/v2\/comments?post=2911"}],"wp:featuredmedia":[{"embeddable":true,"href":"https:\/\/www.printings-n.com\/nl\/wp-json\/wp\/v2\/media\/2912"}],"wp:attachment":[{"href":"https:\/\/www.printings-n.com\/nl\/wp-json\/wp\/v2\/media?parent=2911"}],"wp:term":[{"taxonomy":"product_brand","embeddable":true,"href":"https:\/\/www.printings-n.com\/nl\/wp-json\/wp\/v2\/product_brand?post=2911"},{"taxonomy":"product_cat","embeddable":true,"href":"https:\/\/www.printings-n.com\/nl\/wp-json\/wp\/v2\/product_cat?post=2911"},{"taxonomy":"product_tag","embeddable":true,"href":"https:\/\/www.printings-n.com\/nl\/wp-json\/wp\/v2\/product_tag?post=2911"}],"curies":[{"name":"wp","href":"https:\/\/api.w.org\/{rel}","templated":true}]}}