{"id":2893,"date":"2024-11-30T22:36:08","date_gmt":"2024-11-30T22:36:08","guid":{"rendered":"https:\/\/www.printings-n.com\/produit\/cartes-de-visite-en-bois-businesscardsspecialmaterialwood\/"},"modified":"2024-11-30T22:36:08","modified_gmt":"2024-11-30T22:36:08","slug":"houten-visitekaartjes-visitekaartjesmateriaalspeciaalhout","status":"publish","type":"product","link":"https:\/\/www.printings-n.com\/nl\/product\/houten-visitekaartjes-visitekaartjesmateriaalspeciaalhout\/","title":{"rendered":"Houten visitekaartjes"},"content":{"rendered":"<p>Deze kaarten zijn gemaakt van hoogwaardig hout en zijn niet alleen milieuvriendelijk, maar ook duurzaam. In een wereld waar digitale communicatie steeds algemener wordt, bieden deze houten kaarten een frisse en originele benadering. Ze bieden potenti\u00eble klanten een directe manier om in contact te komen met je bedrijf en hun robuuste uiterlijk zal een blijvende indruk achterlaten. De natuurlijke nerf van het hout voegt een vleugje elegantie en verfijning toe, waardoor je bedrijf zich onderscheidt van de massa. Waarom genoegen nemen met gewone papieren kaarten als je je kunt onderscheiden met een unieke stijl!<\/p>","protected":false},"excerpt":{"rendered":"<p>Fabriqu\u00e9es en bois de haute qualit\u00e9, ces cartes sont non seulement respectueuses de l&#039;environnement, mais aussi r\u00e9sistantes et durables. Dans un monde o\u00f9 la communication num\u00e9rique est de plus en plus r\u00e9pandue, ces cartes en bois apportent un renouveau original. Elles offrent aux clients potentiels un moyen direct d&#039;entrer en contact avec votre entreprise, et [&hellip;]<\/p>\n","protected":false},"featured_media":2894,"comment_status":"open","ping_status":"closed","template":"","meta":[],"product_brand":[],"product_cat":[72],"product_tag":[],"class_list":{"0":"post-2893","1":"product","2":"type-product","3":"status-publish","4":"has-post-thumbnail","6":"product_cat-cartes-de-visite","8":"first","9":"instock","10":"taxable","11":"shipping-taxable","12":"product-type-simple"},"_links":{"self":[{"href":"https:\/\/www.printings-n.com\/nl\/wp-json\/wp\/v2\/product\/2893","targetHints":{"allow":["GET"]}}],"collection":[{"href":"https:\/\/www.printings-n.com\/nl\/wp-json\/wp\/v2\/product"}],"about":[{"href":"https:\/\/www.printings-n.com\/nl\/wp-json\/wp\/v2\/types\/product"}],"replies":[{"embeddable":true,"href":"https:\/\/www.printings-n.com\/nl\/wp-json\/wp\/v2\/comments?post=2893"}],"wp:featuredmedia":[{"embeddable":true,"href":"https:\/\/www.printings-n.com\/nl\/wp-json\/wp\/v2\/media\/2894"}],"wp:attachment":[{"href":"https:\/\/www.printings-n.com\/nl\/wp-json\/wp\/v2\/media?parent=2893"}],"wp:term":[{"taxonomy":"product_brand","embeddable":true,"href":"https:\/\/www.printings-n.com\/nl\/wp-json\/wp\/v2\/product_brand?post=2893"},{"taxonomy":"product_cat","embeddable":true,"href":"https:\/\/www.printings-n.com\/nl\/wp-json\/wp\/v2\/product_cat?post=2893"},{"taxonomy":"product_tag","embeddable":true,"href":"https:\/\/www.printings-n.com\/nl\/wp-json\/wp\/v2\/product_tag?post=2893"}],"curies":[{"name":"wp","href":"https:\/\/api.w.org\/{rel}","templated":true}]}}