{"id":2885,"date":"2024-11-30T22:35:54","date_gmt":"2024-11-30T22:35:54","guid":{"rendered":"https:\/\/www.printings-n.com\/produit\/cartes-pvc-avec-bande-magnetique-hico-businesscardspvcwhitehicomagneticstrip\/"},"modified":"2024-11-30T22:35:55","modified_gmt":"2024-11-30T22:35:55","slug":"pvc-kaarten-met-magneetstrip-hico-businesscardspvcwhitehicomagneticstrip","status":"publish","type":"product","link":"https:\/\/www.printings-n.com\/nl\/product\/pvc-kaarten-met-magneetstrip-hico-businesscardspvcwhitehicomagneticstrip\/","title":{"rendered":"PVC-kaarten met HiCo magneetstrip"},"content":{"rendered":"<p>Deze kaarten met magneetstrip zijn gemaakt van ultrabestendig wit PVC en kunnen worden vergeleken met een bankpas. PVC-kaarten met een HiCo magneetstrip zijn ideaal als de gegevens die op de kaart zijn opgeslagen lang meegaan of niet vaak hoeven te worden gewijzigd. Omdat hun magnetisch veld sterker is dan dat van LoCo kaarten, worden HiCo magneetstripkaarten meestal gebruikt voor toepassingen die lang meegaan of die een grotere veiligheid vereisen. Ze zijn ideaal als toegangspasjes voor bedrijven, hotels en scholen, of als klantenkaarten.<br \/>\n&lt;br&gt;<br \/>\nOpmerking: HiCo en LoCo PVC-kaarten moeten door jou geactiveerd worden en zijn aangepast aan verschillende systemen. Neem contact op met je beheerder voordat je bestelt.<\/p>","protected":false},"excerpt":{"rendered":"<p>Ces cartes \u00e0 bande magn\u00e9tique sont con\u00e7ues en PVC blanc ultra r\u00e9sistant et peuvent \u00eatre compar\u00e9es \u00e0 une carte bancaire. Les cartes en PVC avec une bande magn\u00e9tique HiCo sont id\u00e9ales si les donn\u00e9es stock\u00e9es sur la carte ont une longue dur\u00e9e de vie ou n&#039;ont pas besoin d&#039;\u00eatre souvent modifi\u00e9es. En effet, leur champ [&hellip;]<\/p>\n","protected":false},"featured_media":2886,"comment_status":"open","ping_status":"closed","template":"","meta":[],"product_brand":[],"product_cat":[72],"product_tag":[],"class_list":{"0":"post-2885","1":"product","2":"type-product","3":"status-publish","4":"has-post-thumbnail","6":"product_cat-cartes-de-visite","8":"first","9":"instock","10":"taxable","11":"shipping-taxable","12":"product-type-simple"},"_links":{"self":[{"href":"https:\/\/www.printings-n.com\/nl\/wp-json\/wp\/v2\/product\/2885","targetHints":{"allow":["GET"]}}],"collection":[{"href":"https:\/\/www.printings-n.com\/nl\/wp-json\/wp\/v2\/product"}],"about":[{"href":"https:\/\/www.printings-n.com\/nl\/wp-json\/wp\/v2\/types\/product"}],"replies":[{"embeddable":true,"href":"https:\/\/www.printings-n.com\/nl\/wp-json\/wp\/v2\/comments?post=2885"}],"wp:featuredmedia":[{"embeddable":true,"href":"https:\/\/www.printings-n.com\/nl\/wp-json\/wp\/v2\/media\/2886"}],"wp:attachment":[{"href":"https:\/\/www.printings-n.com\/nl\/wp-json\/wp\/v2\/media?parent=2885"}],"wp:term":[{"taxonomy":"product_brand","embeddable":true,"href":"https:\/\/www.printings-n.com\/nl\/wp-json\/wp\/v2\/product_brand?post=2885"},{"taxonomy":"product_cat","embeddable":true,"href":"https:\/\/www.printings-n.com\/nl\/wp-json\/wp\/v2\/product_cat?post=2885"},{"taxonomy":"product_tag","embeddable":true,"href":"https:\/\/www.printings-n.com\/nl\/wp-json\/wp\/v2\/product_tag?post=2885"}],"curies":[{"name":"wp","href":"https:\/\/api.w.org\/{rel}","templated":true}]}}