{"id":5179,"date":"2024-12-01T18:12:30","date_gmt":"2024-12-01T18:12:30","guid":{"rendered":"https:\/\/www.printings-n.com\/produit\/batterie-externe-legere-aluminium-pep4000mahpowerbank-2\/"},"modified":"2024-12-01T18:12:32","modified_gmt":"2024-12-01T18:12:32","slug":"pep4000mahpowerbank-2-batteria-esterna-leggera-in-alluminio","status":"publish","type":"product","link":"https:\/\/www.printings-n.com\/it\/prodotto\/pep4000mahpowerbank-2-batteria-esterna-leggera-in-alluminio\/","title":{"rendered":"Batteria esterna leggera in alluminio"},"content":{"rendered":"<p>Elegante e leggera powerbank in alluminio da 4000 mAh. \u00c8 dotata di una batteria ai polimeri di litio di grado A per una ricarica ottimale. La powerbank \u00e8 dotata di indicatori LED che si accendono durante la carica e visualizzano la capacit\u00e0 residua della batteria del dispositivo. Le specifiche di ingresso e uscita della powerbank sono di 5V\/1A. Inoltre, la powerbank \u00e8 dotata di un pratico cavo di ricarica da USB a Micro-USB incluso nella confezione.<\/p>","protected":false},"excerpt":{"rendered":"<p>Une \u00e9l\u00e9gante powerbank en aluminium l\u00e9g\u00e8re de 4000 mAh. Elle est \u00e9quip\u00e9e d&#039;une batterie au lithium polym\u00e8re de qualit\u00e9 A pour une charge optimale. La powerbank comprend des voyants LED qui s&#039;allument pendant la charge et affichent la capacit\u00e9 de batterie restante dans l&#039;appareil. Les sp\u00e9cifications pour l&#039;entr\u00e9e et la sortie de la powerbank sont [&hellip;]<\/p>\n","protected":false},"featured_media":5180,"comment_status":"open","ping_status":"closed","template":"","meta":[],"product_brand":[],"product_cat":[127],"product_tag":[],"class_list":{"0":"post-5179","1":"product","2":"type-product","3":"status-publish","4":"has-post-thumbnail","6":"product_cat-chargeurs-et-batteries-externes","8":"first","9":"instock","10":"taxable","11":"shipping-taxable","12":"product-type-simple"},"_links":{"self":[{"href":"https:\/\/www.printings-n.com\/it\/wp-json\/wp\/v2\/product\/5179","targetHints":{"allow":["GET"]}}],"collection":[{"href":"https:\/\/www.printings-n.com\/it\/wp-json\/wp\/v2\/product"}],"about":[{"href":"https:\/\/www.printings-n.com\/it\/wp-json\/wp\/v2\/types\/product"}],"replies":[{"embeddable":true,"href":"https:\/\/www.printings-n.com\/it\/wp-json\/wp\/v2\/comments?post=5179"}],"wp:featuredmedia":[{"embeddable":true,"href":"https:\/\/www.printings-n.com\/it\/wp-json\/wp\/v2\/media\/5180"}],"wp:attachment":[{"href":"https:\/\/www.printings-n.com\/it\/wp-json\/wp\/v2\/media?parent=5179"}],"wp:term":[{"taxonomy":"product_brand","embeddable":true,"href":"https:\/\/www.printings-n.com\/it\/wp-json\/wp\/v2\/product_brand?post=5179"},{"taxonomy":"product_cat","embeddable":true,"href":"https:\/\/www.printings-n.com\/it\/wp-json\/wp\/v2\/product_cat?post=5179"},{"taxonomy":"product_tag","embeddable":true,"href":"https:\/\/www.printings-n.com\/it\/wp-json\/wp\/v2\/product_tag?post=5179"}],"curies":[{"name":"wp","href":"https:\/\/api.w.org\/{rel}","templated":true}]}}